{"id":712,"date":"2022-02-16T22:36:23","date_gmt":"2022-02-16T21:36:23","guid":{"rendered":"http:\/\/dans6t.com\/compagnie\/?page_id=712"},"modified":"2025-04-29T15:01:35","modified_gmt":"2025-04-29T13:01:35","slug":"international","status":"publish","type":"page","link":"https:\/\/dans6t.com\/compagnie\/international\/","title":{"rendered":"International"},"content":{"rendered":"\t\t<div data-elementor-type=\"wp-post\" data-elementor-id=\"712\" class=\"elementor elementor-712\">\n\t\t\t\t\t\t\t\t\t<section class=\"elementor-section elementor-top-section elementor-element elementor-element-d7d8b56 elementor-section-boxed elementor-section-height-default elementor-section-height-default\" data-id=\"d7d8b56\" data-element_type=\"section\" data-settings=\"{&quot;background_background&quot;:&quot;classic&quot;,&quot;_ha_eqh_enable&quot;:false}\">\n\t\t\t\t\t\t\t<div class=\"elementor-background-overlay\"><\/div>\n\t\t\t\t\t\t\t<div class=\"elementor-container elementor-column-gap-default\">\n\t\t\t\t\t<div class=\"elementor-column elementor-col-100 elementor-top-column elementor-element elementor-element-fd69444\" data-id=\"fd69444\" data-element_type=\"column\">\n\t\t\t<div class=\"elementor-widget-wrap elementor-element-populated\">\n\t\t\t\t\t\t\t\t<div class=\"elementor-element elementor-element-abcc2f2 elementor-widget elementor-widget-heading\" data-id=\"abcc2f2\" data-element_type=\"widget\" data-widget_type=\"heading.default\">\n\t\t\t\t<div class=\"elementor-widget-container\">\n\t\t\t<style>\/*! elementor - v3.16.0 - 20-09-2023 *\/\n.elementor-heading-title{padding:0;margin:0;line-height:1}.elementor-widget-heading .elementor-heading-title[class*=elementor-size-]>a{color:inherit;font-size:inherit;line-height:inherit}.elementor-widget-heading .elementor-heading-title.elementor-size-small{font-size:15px}.elementor-widget-heading .elementor-heading-title.elementor-size-medium{font-size:19px}.elementor-widget-heading .elementor-heading-title.elementor-size-large{font-size:29px}.elementor-widget-heading .elementor-heading-title.elementor-size-xl{font-size:39px}.elementor-widget-heading .elementor-heading-title.elementor-size-xxl{font-size:59px}<\/style><h1 class=\"elementor-heading-title elementor-size-default\">International<\/h1>\t\t<\/div>\n\t\t\t\t<\/div>\n\t\t\t\t\t<\/div>\n\t\t<\/div>\n\t\t\t\t\t\t\t<\/div>\n\t\t<\/section>\n\t\t\t\t<section class=\"elementor-section elementor-top-section elementor-element elementor-element-14e57f4f elementor-section-content-middle elementor-section-boxed elementor-section-height-default elementor-section-height-default\" data-id=\"14e57f4f\" data-element_type=\"section\" data-settings=\"{&quot;_ha_eqh_enable&quot;:false}\">\n\t\t\t\t\t\t\t<div class=\"elementor-background-overlay\"><\/div>\n\t\t\t\t\t\t\t<div class=\"elementor-container elementor-column-gap-no\">\n\t\t\t\t\t<div class=\"elementor-column elementor-col-100 elementor-top-column elementor-element elementor-element-6f5b74c\" data-id=\"6f5b74c\" data-element_type=\"column\">\n\t\t\t<div class=\"elementor-widget-wrap elementor-element-populated\">\n\t\t\t\t\t\t\t\t<div class=\"elementor-element elementor-element-3e29df87 elementor-view-default elementor-position-top elementor-mobile-position-top elementor-widget elementor-widget-icon-box\" data-id=\"3e29df87\" data-element_type=\"widget\" data-widget_type=\"icon-box.default\">\n\t\t\t\t<div class=\"elementor-widget-container\">\n\t\t\t<link rel=\"stylesheet\" href=\"https:\/\/dans6t.com\/compagnie\/wp-content\/plugins\/elementor\/assets\/css\/widget-icon-box.min.css\">\t\t<div class=\"elementor-icon-box-wrapper\">\n\t\t\t\t\t\t<div class=\"elementor-icon-box-icon\">\n\t\t\t\t<span  class=\"elementor-icon elementor-animation-\">\n\t\t\t\t<i aria-hidden=\"true\" class=\"fas fa-globe-americas\"><\/i>\t\t\t\t<\/span>\n\t\t\t<\/div>\n\t\t\t\t\t\t<div class=\"elementor-icon-box-content\">\n\t\t\t\t<p class=\"elementor-icon-box-title\">\n\t\t\t\t\t<span  >\n\t\t\t\t\t\tLa cie dans le monde...\t\t\t\t\t<\/span>\n\t\t\t\t<\/p>\n\t\t\t\t\t\t\t<\/div>\n\t\t<\/div>\n\t\t\t\t<\/div>\n\t\t\t\t<\/div>\n\t\t\t\t<div class=\"elementor-element elementor-element-8e18792 elementor-widget elementor-widget-heading\" data-id=\"8e18792\" data-element_type=\"widget\" data-widget_type=\"heading.default\">\n\t\t\t\t<div class=\"elementor-widget-container\">\n\t\t\t<h1 class=\"elementor-heading-title elementor-size-xl\">L'ouverture sur l'INTERNATIONAL <br>ET <br>SUR \" L'AUTRE \" FAIT PARTIE INT\u00e9GRANTE DE L'ADN de DANS6T<\/h1>\t\t<\/div>\n\t\t\t\t<\/div>\n\t\t\t\t\t<\/div>\n\t\t<\/div>\n\t\t\t\t\t\t\t<\/div>\n\t\t<\/section>\n\t\t\t\t<section class=\"elementor-section elementor-top-section elementor-element elementor-element-30cd991 elementor-section-boxed elementor-section-height-default elementor-section-height-default\" data-id=\"30cd991\" data-element_type=\"section\" data-settings=\"{&quot;_ha_eqh_enable&quot;:false}\">\n\t\t\t\t\t\t<div class=\"elementor-container elementor-column-gap-default\">\n\t\t\t\t\t<div class=\"elementor-column elementor-col-100 elementor-top-column elementor-element elementor-element-e7a0ba4\" data-id=\"e7a0ba4\" data-element_type=\"column\">\n\t\t\t<div class=\"elementor-widget-wrap elementor-element-populated\">\n\t\t\t\t\t\t\t\t<div class=\"elementor-element elementor-element-83cb6b2 elementor-widget-divider--view-line elementor-widget elementor-widget-divider\" data-id=\"83cb6b2\" data-element_type=\"widget\" data-widget_type=\"divider.default\">\n\t\t\t\t<div class=\"elementor-widget-container\">\n\t\t\t<style>\/*! elementor - v3.16.0 - 20-09-2023 *\/\n.elementor-widget-divider{--divider-border-style:none;--divider-border-width:1px;--divider-color:#0c0d0e;--divider-icon-size:20px;--divider-element-spacing:10px;--divider-pattern-height:24px;--divider-pattern-size:20px;--divider-pattern-url:none;--divider-pattern-repeat:repeat-x}.elementor-widget-divider .elementor-divider{display:flex}.elementor-widget-divider .elementor-divider__text{font-size:15px;line-height:1;max-width:95%}.elementor-widget-divider .elementor-divider__element{margin:0 var(--divider-element-spacing);flex-shrink:0}.elementor-widget-divider .elementor-icon{font-size:var(--divider-icon-size)}.elementor-widget-divider .elementor-divider-separator{display:flex;margin:0;direction:ltr}.elementor-widget-divider--view-line_icon .elementor-divider-separator,.elementor-widget-divider--view-line_text .elementor-divider-separator{align-items:center}.elementor-widget-divider--view-line_icon .elementor-divider-separator:after,.elementor-widget-divider--view-line_icon .elementor-divider-separator:before,.elementor-widget-divider--view-line_text .elementor-divider-separator:after,.elementor-widget-divider--view-line_text .elementor-divider-separator:before{display:block;content:\"\";border-bottom:0;flex-grow:1;border-top:var(--divider-border-width) var(--divider-border-style) var(--divider-color)}.elementor-widget-divider--element-align-left .elementor-divider .elementor-divider-separator>.elementor-divider__svg:first-of-type{flex-grow:0;flex-shrink:100}.elementor-widget-divider--element-align-left .elementor-divider-separator:before{content:none}.elementor-widget-divider--element-align-left .elementor-divider__element{margin-left:0}.elementor-widget-divider--element-align-right .elementor-divider .elementor-divider-separator>.elementor-divider__svg:last-of-type{flex-grow:0;flex-shrink:100}.elementor-widget-divider--element-align-right .elementor-divider-separator:after{content:none}.elementor-widget-divider--element-align-right .elementor-divider__element{margin-right:0}.elementor-widget-divider:not(.elementor-widget-divider--view-line_text):not(.elementor-widget-divider--view-line_icon) .elementor-divider-separator{border-top:var(--divider-border-width) var(--divider-border-style) var(--divider-color)}.elementor-widget-divider--separator-type-pattern{--divider-border-style:none}.elementor-widget-divider--separator-type-pattern.elementor-widget-divider--view-line .elementor-divider-separator,.elementor-widget-divider--separator-type-pattern:not(.elementor-widget-divider--view-line) .elementor-divider-separator:after,.elementor-widget-divider--separator-type-pattern:not(.elementor-widget-divider--view-line) .elementor-divider-separator:before,.elementor-widget-divider--separator-type-pattern:not([class*=elementor-widget-divider--view]) .elementor-divider-separator{width:100%;min-height:var(--divider-pattern-height);-webkit-mask-size:var(--divider-pattern-size) 100%;mask-size:var(--divider-pattern-size) 100%;-webkit-mask-repeat:var(--divider-pattern-repeat);mask-repeat:var(--divider-pattern-repeat);background-color:var(--divider-color);-webkit-mask-image:var(--divider-pattern-url);mask-image:var(--divider-pattern-url)}.elementor-widget-divider--no-spacing{--divider-pattern-size:auto}.elementor-widget-divider--bg-round{--divider-pattern-repeat:round}.rtl .elementor-widget-divider .elementor-divider__text{direction:rtl}.e-con-inner>.elementor-widget-divider,.e-con>.elementor-widget-divider{width:var(--container-widget-width,100%);--flex-grow:var(--container-widget-flex-grow)}<\/style>\t\t<div class=\"elementor-divider\">\n\t\t\t<span class=\"elementor-divider-separator\">\n\t\t\t\t\t\t<\/span>\n\t\t<\/div>\n\t\t\t\t<\/div>\n\t\t\t\t<\/div>\n\t\t\t\t<div class=\"elementor-element elementor-element-a794612 elementor-widget elementor-widget-text-editor\" data-id=\"a794612\" data-element_type=\"widget\" data-widget_type=\"text-editor.default\">\n\t\t\t\t<div class=\"elementor-widget-container\">\n\t\t\t<style>\/*! elementor - v3.16.0 - 20-09-2023 *\/\n.elementor-widget-text-editor.elementor-drop-cap-view-stacked .elementor-drop-cap{background-color:#69727d;color:#fff}.elementor-widget-text-editor.elementor-drop-cap-view-framed .elementor-drop-cap{color:#69727d;border:3px solid;background-color:transparent}.elementor-widget-text-editor:not(.elementor-drop-cap-view-default) .elementor-drop-cap{margin-top:8px}.elementor-widget-text-editor:not(.elementor-drop-cap-view-default) .elementor-drop-cap-letter{width:1em;height:1em}.elementor-widget-text-editor .elementor-drop-cap{float:left;text-align:center;line-height:1;font-size:50px}.elementor-widget-text-editor .elementor-drop-cap-letter{display:inline-block}<\/style>\t\t\t\t<p>La Cie a men\u00e9 plusieurs projets de cr\u00e9ation chor\u00e9graphiques avec des\u00a0danseurs marocains, alg\u00e9riens, portugais, br\u00e9siliens etc\u2026 qui ont tourn\u00e9 en France et\u00a0\u00e0 l\u2019international.<\/p><p>La Cie Dans6T a b\u00e9n\u00e9fici\u00e9, pour ses projets de cr\u00e9ation et pour leurs diffusion \u00e0\u00a0l\u2019international du soutien de la R\u00e9gion Occitanie, de l\u2019Institut Fran\u00e7ais, des Instituts\u00a0Fran\u00e7ais du Maroc et du Br\u00e9sil, d\u2019Occitanie en Sc\u00e8ne, de Pyrenart, du Balleteatro \u00e0\u00a0Porto.<\/p>\t\t\t\t\t\t<\/div>\n\t\t\t\t<\/div>\n\t\t\t\t<div class=\"elementor-element elementor-element-86981dc elementor-widget-divider--view-line elementor-widget elementor-widget-divider\" data-id=\"86981dc\" data-element_type=\"widget\" data-widget_type=\"divider.default\">\n\t\t\t\t<div class=\"elementor-widget-container\">\n\t\t\t\t\t<div class=\"elementor-divider\">\n\t\t\t<span class=\"elementor-divider-separator\">\n\t\t\t\t\t\t<\/span>\n\t\t<\/div>\n\t\t\t\t<\/div>\n\t\t\t\t<\/div>\n\t\t\t\t\t<\/div>\n\t\t<\/div>\n\t\t\t\t\t\t\t<\/div>\n\t\t<\/section>\n\t\t\t\t<section class=\"elementor-section elementor-top-section elementor-element elementor-element-59f2499 elementor-section-boxed elementor-section-height-default elementor-section-height-default\" data-id=\"59f2499\" data-element_type=\"section\" data-settings=\"{&quot;background_background&quot;:&quot;classic&quot;,&quot;_ha_eqh_enable&quot;:false}\">\n\t\t\t\t\t\t<div class=\"elementor-container elementor-column-gap-default\">\n\t\t\t\t\t<div class=\"elementor-column elementor-col-100 elementor-top-column elementor-element elementor-element-e0d32ae\" data-id=\"e0d32ae\" data-element_type=\"column\">\n\t\t\t<div class=\"elementor-widget-wrap elementor-element-populated\">\n\t\t\t\t\t\t\t\t<div class=\"elementor-element elementor-element-e61a86f elementor-widget-divider--view-line elementor-widget elementor-widget-divider\" data-id=\"e61a86f\" data-element_type=\"widget\" data-widget_type=\"divider.default\">\n\t\t\t\t<div class=\"elementor-widget-container\">\n\t\t\t\t\t<div class=\"elementor-divider\">\n\t\t\t<span class=\"elementor-divider-separator\">\n\t\t\t\t\t\t<\/span>\n\t\t<\/div>\n\t\t\t\t<\/div>\n\t\t\t\t<\/div>\n\t\t\t\t\t<\/div>\n\t\t<\/div>\n\t\t\t\t\t\t\t<\/div>\n\t\t<\/section>\n\t\t\t\t\t\t\t<\/div>\n\t\t","protected":false},"excerpt":{"rendered":"<p>International La cie dans le monde&#8230; L&#8217;ouverture sur l&#8217;INTERNATIONAL ET SUR &#8221; L&#8217;AUTRE &#8221; FAIT PARTIE INT\u00e9GRANTE DE L&#8217;ADN de DANS6T La Cie a men\u00e9 plusieurs projets de cr\u00e9ation chor\u00e9graphiques avec des\u00a0danseurs marocains, alg\u00e9riens, portugais, br\u00e9siliens etc\u2026 qui ont tourn\u00e9 en France et\u00a0\u00e0 l\u2019international. La Cie Dans6T a b\u00e9n\u00e9fici\u00e9, pour ses projets de cr\u00e9ation et &hellip;<\/p>\n<p class=\"read-more\"> <a class=\"\" href=\"https:\/\/dans6t.com\/compagnie\/international\/\"> <span class=\"screen-reader-text\">International<\/span> Lire la suite\u00a0\u00bb<\/a><\/p>\n","protected":false},"author":3,"featured_media":0,"parent":0,"menu_order":0,"comment_status":"closed","ping_status":"closed","template":"","meta":{"_uag_custom_page_level_css":"","site-sidebar-layout":"no-sidebar","site-content-layout":"page-builder","ast-global-header-display":"","ast-main-header-display":"","ast-hfb-above-header-display":"","ast-hfb-below-header-display":"","ast-hfb-mobile-header-display":"","site-post-title":"disabled","ast-breadcrumbs-content":"","ast-featured-img":"disabled","footer-sml-layout":"","theme-transparent-header-meta":"enabled","adv-header-id-meta":"","stick-header-meta":"","header-above-stick-meta":"","header-main-stick-meta":"","header-below-stick-meta":"","footnotes":""},"class_list":["post-712","page","type-page","status-publish","hentry"],"yoast_head":"<!-- This site is optimized with the Yoast SEO plugin v21.2 - https:\/\/yoast.com\/wordpress\/plugins\/seo\/ -->\n<title>International - DANS6T Compagnie<\/title>\n<meta name=\"robots\" content=\"index, follow, max-snippet:-1, max-image-preview:large, max-video-preview:-1\" \/>\n<link rel=\"canonical\" href=\"https:\/\/dans6t.com\/compagnie\/international\/\" \/>\n<meta property=\"og:locale\" content=\"fr_FR\" \/>\n<meta property=\"og:type\" content=\"article\" \/>\n<meta property=\"og:title\" content=\"International - DANS6T Compagnie\" \/>\n<meta property=\"og:description\" content=\"International La cie dans le monde&#8230; L&#8217;ouverture sur l&#8217;INTERNATIONAL ET SUR &#8221; L&#8217;AUTRE &#8221; FAIT PARTIE INT\u00e9GRANTE DE L&#8217;ADN de DANS6T La Cie a men\u00e9 plusieurs projets de cr\u00e9ation chor\u00e9graphiques avec des\u00a0danseurs marocains, alg\u00e9riens, portugais, br\u00e9siliens etc\u2026 qui ont tourn\u00e9 en France et\u00a0\u00e0 l\u2019international. La Cie Dans6T a b\u00e9n\u00e9fici\u00e9, pour ses projets de cr\u00e9ation et &hellip; International Lire la suite\u00a0\u00bb\" \/>\n<meta property=\"og:url\" content=\"https:\/\/dans6t.com\/compagnie\/international\/\" \/>\n<meta property=\"og:site_name\" content=\"DANS6T Compagnie\" \/>\n<meta property=\"article:publisher\" content=\"https:\/\/www.facebook.com\/compagniedans6t\" \/>\n<meta property=\"article:modified_time\" content=\"2025-04-29T13:01:35+00:00\" \/>\n<meta name=\"twitter:card\" content=\"summary_large_image\" \/>\n<meta name=\"twitter:label1\" content=\"Dur\u00e9e de lecture estim\u00e9e\" \/>\n\t<meta name=\"twitter:data1\" content=\"1 minute\" \/>\n<script type=\"application\/ld+json\" class=\"yoast-schema-graph\">{\"@context\":\"https:\/\/schema.org\",\"@graph\":[{\"@type\":\"WebPage\",\"@id\":\"https:\/\/dans6t.com\/compagnie\/international\/\",\"url\":\"https:\/\/dans6t.com\/compagnie\/international\/\",\"name\":\"International - DANS6T Compagnie\",\"isPartOf\":{\"@id\":\"https:\/\/dans6t.com\/compagnie\/#website\"},\"datePublished\":\"2022-02-16T21:36:23+00:00\",\"dateModified\":\"2025-04-29T13:01:35+00:00\",\"breadcrumb\":{\"@id\":\"https:\/\/dans6t.com\/compagnie\/international\/#breadcrumb\"},\"inLanguage\":\"fr-FR\",\"potentialAction\":[{\"@type\":\"ReadAction\",\"target\":[\"https:\/\/dans6t.com\/compagnie\/international\/\"]}]},{\"@type\":\"BreadcrumbList\",\"@id\":\"https:\/\/dans6t.com\/compagnie\/international\/#breadcrumb\",\"itemListElement\":[{\"@type\":\"ListItem\",\"position\":1,\"name\":\"Accueil\",\"item\":\"https:\/\/dans6t.com\/compagnie\/\"},{\"@type\":\"ListItem\",\"position\":2,\"name\":\"International\"}]},{\"@type\":\"WebSite\",\"@id\":\"https:\/\/dans6t.com\/compagnie\/#website\",\"url\":\"https:\/\/dans6t.com\/compagnie\/\",\"name\":\"DANS6T Compagnie\",\"description\":\"Compagnie\",\"publisher\":{\"@id\":\"https:\/\/dans6t.com\/compagnie\/#organization\"},\"potentialAction\":[{\"@type\":\"SearchAction\",\"target\":{\"@type\":\"EntryPoint\",\"urlTemplate\":\"https:\/\/dans6t.com\/compagnie\/?s={search_term_string}\"},\"query-input\":\"required name=search_term_string\"}],\"inLanguage\":\"fr-FR\"},{\"@type\":\"Organization\",\"@id\":\"https:\/\/dans6t.com\/compagnie\/#organization\",\"name\":\"DANS6T Compagnie\",\"url\":\"https:\/\/dans6t.com\/compagnie\/\",\"logo\":{\"@type\":\"ImageObject\",\"inLanguage\":\"fr-FR\",\"@id\":\"https:\/\/dans6t.com\/compagnie\/#\/schema\/logo\/image\/\",\"url\":\"https:\/\/dans6t.com\/compagnie\/wp-content\/uploads\/2025\/04\/cropped-BLANC-6-ROUGE-1-scaled-1.png\",\"contentUrl\":\"https:\/\/dans6t.com\/compagnie\/wp-content\/uploads\/2025\/04\/cropped-BLANC-6-ROUGE-1-scaled-1.png\",\"width\":2559,\"height\":853,\"caption\":\"DANS6T Compagnie\"},\"image\":{\"@id\":\"https:\/\/dans6t.com\/compagnie\/#\/schema\/logo\/image\/\"},\"sameAs\":[\"https:\/\/www.facebook.com\/compagniedans6t\",\"https:\/\/www.instagram.com\/compagnie_dans6t\/\"]}]}<\/script>\n<!-- \/ Yoast SEO plugin. -->","yoast_head_json":{"title":"International - DANS6T Compagnie","robots":{"index":"index","follow":"follow","max-snippet":"max-snippet:-1","max-image-preview":"max-image-preview:large","max-video-preview":"max-video-preview:-1"},"canonical":"https:\/\/dans6t.com\/compagnie\/international\/","og_locale":"fr_FR","og_type":"article","og_title":"International - DANS6T Compagnie","og_description":"International La cie dans le monde&#8230; L&#8217;ouverture sur l&#8217;INTERNATIONAL ET SUR &#8221; L&#8217;AUTRE &#8221; FAIT PARTIE INT\u00e9GRANTE DE L&#8217;ADN de DANS6T La Cie a men\u00e9 plusieurs projets de cr\u00e9ation chor\u00e9graphiques avec des\u00a0danseurs marocains, alg\u00e9riens, portugais, br\u00e9siliens etc\u2026 qui ont tourn\u00e9 en France et\u00a0\u00e0 l\u2019international. La Cie Dans6T a b\u00e9n\u00e9fici\u00e9, pour ses projets de cr\u00e9ation et &hellip; International Lire la suite\u00a0\u00bb","og_url":"https:\/\/dans6t.com\/compagnie\/international\/","og_site_name":"DANS6T Compagnie","article_publisher":"https:\/\/www.facebook.com\/compagniedans6t","article_modified_time":"2025-04-29T13:01:35+00:00","twitter_card":"summary_large_image","twitter_misc":{"Dur\u00e9e de lecture estim\u00e9e":"1 minute"},"schema":{"@context":"https:\/\/schema.org","@graph":[{"@type":"WebPage","@id":"https:\/\/dans6t.com\/compagnie\/international\/","url":"https:\/\/dans6t.com\/compagnie\/international\/","name":"International - DANS6T Compagnie","isPartOf":{"@id":"https:\/\/dans6t.com\/compagnie\/#website"},"datePublished":"2022-02-16T21:36:23+00:00","dateModified":"2025-04-29T13:01:35+00:00","breadcrumb":{"@id":"https:\/\/dans6t.com\/compagnie\/international\/#breadcrumb"},"inLanguage":"fr-FR","potentialAction":[{"@type":"ReadAction","target":["https:\/\/dans6t.com\/compagnie\/international\/"]}]},{"@type":"BreadcrumbList","@id":"https:\/\/dans6t.com\/compagnie\/international\/#breadcrumb","itemListElement":[{"@type":"ListItem","position":1,"name":"Accueil","item":"https:\/\/dans6t.com\/compagnie\/"},{"@type":"ListItem","position":2,"name":"International"}]},{"@type":"WebSite","@id":"https:\/\/dans6t.com\/compagnie\/#website","url":"https:\/\/dans6t.com\/compagnie\/","name":"DANS6T Compagnie","description":"Compagnie","publisher":{"@id":"https:\/\/dans6t.com\/compagnie\/#organization"},"potentialAction":[{"@type":"SearchAction","target":{"@type":"EntryPoint","urlTemplate":"https:\/\/dans6t.com\/compagnie\/?s={search_term_string}"},"query-input":"required name=search_term_string"}],"inLanguage":"fr-FR"},{"@type":"Organization","@id":"https:\/\/dans6t.com\/compagnie\/#organization","name":"DANS6T Compagnie","url":"https:\/\/dans6t.com\/compagnie\/","logo":{"@type":"ImageObject","inLanguage":"fr-FR","@id":"https:\/\/dans6t.com\/compagnie\/#\/schema\/logo\/image\/","url":"https:\/\/dans6t.com\/compagnie\/wp-content\/uploads\/2025\/04\/cropped-BLANC-6-ROUGE-1-scaled-1.png","contentUrl":"https:\/\/dans6t.com\/compagnie\/wp-content\/uploads\/2025\/04\/cropped-BLANC-6-ROUGE-1-scaled-1.png","width":2559,"height":853,"caption":"DANS6T Compagnie"},"image":{"@id":"https:\/\/dans6t.com\/compagnie\/#\/schema\/logo\/image\/"},"sameAs":["https:\/\/www.facebook.com\/compagniedans6t","https:\/\/www.instagram.com\/compagnie_dans6t\/"]}]}},"uagb_featured_image_src":{"full":false,"thumbnail":false,"medium":false,"medium_large":false,"large":false,"1536x1536":false,"2048x2048":false},"uagb_author_info":{"display_name":"Dans6t Dans6t","author_link":"https:\/\/dans6t.com\/compagnie\/author\/dans6t\/"},"uagb_comment_info":0,"uagb_excerpt":"International La cie dans le monde&#8230; L&#8217;ouverture sur l&#8217;INTERNATIONAL ET SUR &#8221; L&#8217;AUTRE &#8221; FAIT PARTIE INT\u00e9GRANTE DE L&#8217;ADN de DANS6T La Cie a men\u00e9 plusieurs projets de cr\u00e9ation chor\u00e9graphiques avec des\u00a0danseurs marocains, alg\u00e9riens, portugais, br\u00e9siliens etc\u2026 qui ont tourn\u00e9 en France et\u00a0\u00e0 l\u2019international. La Cie Dans6T a b\u00e9n\u00e9fici\u00e9, pour ses projets de cr\u00e9ation et\u2026","_links":{"self":[{"href":"https:\/\/dans6t.com\/compagnie\/wp-json\/wp\/v2\/pages\/712","targetHints":{"allow":["GET"]}}],"collection":[{"href":"https:\/\/dans6t.com\/compagnie\/wp-json\/wp\/v2\/pages"}],"about":[{"href":"https:\/\/dans6t.com\/compagnie\/wp-json\/wp\/v2\/types\/page"}],"author":[{"embeddable":true,"href":"https:\/\/dans6t.com\/compagnie\/wp-json\/wp\/v2\/users\/3"}],"replies":[{"embeddable":true,"href":"https:\/\/dans6t.com\/compagnie\/wp-json\/wp\/v2\/comments?post=712"}],"version-history":[{"count":32,"href":"https:\/\/dans6t.com\/compagnie\/wp-json\/wp\/v2\/pages\/712\/revisions"}],"predecessor-version":[{"id":3780,"href":"https:\/\/dans6t.com\/compagnie\/wp-json\/wp\/v2\/pages\/712\/revisions\/3780"}],"wp:attachment":[{"href":"https:\/\/dans6t.com\/compagnie\/wp-json\/wp\/v2\/media?parent=712"}],"curies":[{"name":"wp","href":"https:\/\/api.w.org\/{rel}","templated":true}]}}