{"id":2511,"date":"2025-01-27T16:37:28","date_gmt":"2025-01-27T15:37:28","guid":{"rendered":"https:\/\/dans6t.com\/compagnie\/?page_id=2511"},"modified":"2025-04-18T15:16:49","modified_gmt":"2025-04-18T13:16:49","slug":"lequipe","status":"publish","type":"page","link":"https:\/\/dans6t.com\/compagnie\/lequipe\/","title":{"rendered":"L&#8217;\u00e9quipe"},"content":{"rendered":"\t\t<div data-elementor-type=\"wp-post\" data-elementor-id=\"2511\" class=\"elementor elementor-2511\">\n\t\t\t\t\t\t\t\t\t<section class=\"elementor-section elementor-top-section elementor-element elementor-element-e465c6d elementor-section-boxed elementor-section-height-default elementor-section-height-default\" data-id=\"e465c6d\" data-element_type=\"section\" data-settings=\"{&quot;background_background&quot;:&quot;classic&quot;,&quot;_ha_eqh_enable&quot;:false}\">\n\t\t\t\t\t\t<div class=\"elementor-container elementor-column-gap-default\">\n\t\t\t\t\t<div class=\"elementor-column elementor-col-100 elementor-top-column elementor-element elementor-element-165311e\" data-id=\"165311e\" data-element_type=\"column\">\n\t\t\t<div class=\"elementor-widget-wrap elementor-element-populated\">\n\t\t\t\t\t\t\t\t<div class=\"elementor-element elementor-element-dafa5d7 elementor-widget-divider--view-line elementor-widget elementor-widget-divider\" data-id=\"dafa5d7\" data-element_type=\"widget\" data-widget_type=\"divider.default\">\n\t\t\t\t<div class=\"elementor-widget-container\">\n\t\t\t<style>\/*! elementor - v3.16.0 - 20-09-2023 *\/\n.elementor-widget-divider{--divider-border-style:none;--divider-border-width:1px;--divider-color:#0c0d0e;--divider-icon-size:20px;--divider-element-spacing:10px;--divider-pattern-height:24px;--divider-pattern-size:20px;--divider-pattern-url:none;--divider-pattern-repeat:repeat-x}.elementor-widget-divider .elementor-divider{display:flex}.elementor-widget-divider .elementor-divider__text{font-size:15px;line-height:1;max-width:95%}.elementor-widget-divider .elementor-divider__element{margin:0 var(--divider-element-spacing);flex-shrink:0}.elementor-widget-divider .elementor-icon{font-size:var(--divider-icon-size)}.elementor-widget-divider .elementor-divider-separator{display:flex;margin:0;direction:ltr}.elementor-widget-divider--view-line_icon .elementor-divider-separator,.elementor-widget-divider--view-line_text .elementor-divider-separator{align-items:center}.elementor-widget-divider--view-line_icon .elementor-divider-separator:after,.elementor-widget-divider--view-line_icon .elementor-divider-separator:before,.elementor-widget-divider--view-line_text .elementor-divider-separator:after,.elementor-widget-divider--view-line_text .elementor-divider-separator:before{display:block;content:\"\";border-bottom:0;flex-grow:1;border-top:var(--divider-border-width) var(--divider-border-style) var(--divider-color)}.elementor-widget-divider--element-align-left .elementor-divider .elementor-divider-separator>.elementor-divider__svg:first-of-type{flex-grow:0;flex-shrink:100}.elementor-widget-divider--element-align-left .elementor-divider-separator:before{content:none}.elementor-widget-divider--element-align-left .elementor-divider__element{margin-left:0}.elementor-widget-divider--element-align-right .elementor-divider .elementor-divider-separator>.elementor-divider__svg:last-of-type{flex-grow:0;flex-shrink:100}.elementor-widget-divider--element-align-right .elementor-divider-separator:after{content:none}.elementor-widget-divider--element-align-right .elementor-divider__element{margin-right:0}.elementor-widget-divider:not(.elementor-widget-divider--view-line_text):not(.elementor-widget-divider--view-line_icon) .elementor-divider-separator{border-top:var(--divider-border-width) var(--divider-border-style) var(--divider-color)}.elementor-widget-divider--separator-type-pattern{--divider-border-style:none}.elementor-widget-divider--separator-type-pattern.elementor-widget-divider--view-line .elementor-divider-separator,.elementor-widget-divider--separator-type-pattern:not(.elementor-widget-divider--view-line) .elementor-divider-separator:after,.elementor-widget-divider--separator-type-pattern:not(.elementor-widget-divider--view-line) .elementor-divider-separator:before,.elementor-widget-divider--separator-type-pattern:not([class*=elementor-widget-divider--view]) .elementor-divider-separator{width:100%;min-height:var(--divider-pattern-height);-webkit-mask-size:var(--divider-pattern-size) 100%;mask-size:var(--divider-pattern-size) 100%;-webkit-mask-repeat:var(--divider-pattern-repeat);mask-repeat:var(--divider-pattern-repeat);background-color:var(--divider-color);-webkit-mask-image:var(--divider-pattern-url);mask-image:var(--divider-pattern-url)}.elementor-widget-divider--no-spacing{--divider-pattern-size:auto}.elementor-widget-divider--bg-round{--divider-pattern-repeat:round}.rtl .elementor-widget-divider .elementor-divider__text{direction:rtl}.e-con-inner>.elementor-widget-divider,.e-con>.elementor-widget-divider{width:var(--container-widget-width,100%);--flex-grow:var(--container-widget-flex-grow)}<\/style>\t\t<div class=\"elementor-divider\">\n\t\t\t<span class=\"elementor-divider-separator\">\n\t\t\t\t\t\t<\/span>\n\t\t<\/div>\n\t\t\t\t<\/div>\n\t\t\t\t<\/div>\n\t\t\t\t<div class=\"elementor-element elementor-element-e48803a elementor-widget elementor-widget-heading\" data-id=\"e48803a\" data-element_type=\"widget\" data-widget_type=\"heading.default\">\n\t\t\t\t<div class=\"elementor-widget-container\">\n\t\t\t<style>\/*! elementor - v3.16.0 - 20-09-2023 *\/\n.elementor-heading-title{padding:0;margin:0;line-height:1}.elementor-widget-heading .elementor-heading-title[class*=elementor-size-]>a{color:inherit;font-size:inherit;line-height:inherit}.elementor-widget-heading .elementor-heading-title.elementor-size-small{font-size:15px}.elementor-widget-heading .elementor-heading-title.elementor-size-medium{font-size:19px}.elementor-widget-heading .elementor-heading-title.elementor-size-large{font-size:29px}.elementor-widget-heading .elementor-heading-title.elementor-size-xl{font-size:39px}.elementor-widget-heading .elementor-heading-title.elementor-size-xxl{font-size:59px}<\/style><h3 class=\"elementor-heading-title elementor-size-large\">Nous travaillons actuellement sur cette page. Elle sera disponible prochainement !<\/h3>\t\t<\/div>\n\t\t\t\t<\/div>\n\t\t\t\t<div class=\"elementor-element elementor-element-92d26ff elementor-widget-divider--view-line elementor-widget elementor-widget-divider\" data-id=\"92d26ff\" data-element_type=\"widget\" data-widget_type=\"divider.default\">\n\t\t\t\t<div class=\"elementor-widget-container\">\n\t\t\t\t\t<div class=\"elementor-divider\">\n\t\t\t<span class=\"elementor-divider-separator\">\n\t\t\t\t\t\t<\/span>\n\t\t<\/div>\n\t\t\t\t<\/div>\n\t\t\t\t<\/div>\n\t\t\t\t\t<\/div>\n\t\t<\/div>\n\t\t\t\t\t\t\t<\/div>\n\t\t<\/section>\n\t\t\t\t\t\t\t<\/div>\n\t\t","protected":false},"excerpt":{"rendered":"<p>Nous travaillons actuellement sur cette page. Elle sera disponible prochainement !<\/p>\n","protected":false},"author":3,"featured_media":0,"parent":0,"menu_order":0,"comment_status":"closed","ping_status":"closed","template":"","meta":{"_uag_custom_page_level_css":"","site-sidebar-layout":"no-sidebar","site-content-layout":"page-builder","ast-global-header-display":"","ast-main-header-display":"","ast-hfb-above-header-display":"","ast-hfb-below-header-display":"","ast-hfb-mobile-header-display":"","site-post-title":"disabled","ast-breadcrumbs-content":"","ast-featured-img":"disabled","footer-sml-layout":"","theme-transparent-header-meta":"enabled","adv-header-id-meta":"","stick-header-meta":"","header-above-stick-meta":"","header-main-stick-meta":"","header-below-stick-meta":"","footnotes":""},"class_list":["post-2511","page","type-page","status-publish","hentry"],"yoast_head":"<!-- This site is optimized with the Yoast SEO plugin v21.2 - https:\/\/yoast.com\/wordpress\/plugins\/seo\/ -->\n<title>L&#039;\u00e9quipe - DANS6T Compagnie<\/title>\n<meta name=\"description\" content=\"La compagnie Dans6T s&#039;invite dans les r\u00e9cr\u00e9ations des primaires, coll\u00e8ges et lyc\u00e9es pour r\u00e9aliser des performances surprises.\" \/>\n<meta name=\"robots\" content=\"index, follow, max-snippet:-1, max-image-preview:large, max-video-preview:-1\" \/>\n<link rel=\"canonical\" href=\"https:\/\/dans6t.com\/compagnie\/lequipe\/\" \/>\n<meta property=\"og:locale\" content=\"fr_FR\" \/>\n<meta property=\"og:type\" content=\"article\" \/>\n<meta property=\"og:title\" content=\"L&#039;\u00e9quipe - DANS6T Compagnie\" \/>\n<meta property=\"og:description\" content=\"La compagnie Dans6T s&#039;invite dans les r\u00e9cr\u00e9ations des primaires, coll\u00e8ges et lyc\u00e9es pour r\u00e9aliser des performances surprises.\" \/>\n<meta property=\"og:url\" content=\"https:\/\/dans6t.com\/compagnie\/lequipe\/\" \/>\n<meta property=\"og:site_name\" content=\"DANS6T Compagnie\" \/>\n<meta property=\"article:publisher\" content=\"https:\/\/www.facebook.com\/compagniedans6t\" \/>\n<meta property=\"article:modified_time\" content=\"2025-04-18T13:16:49+00:00\" \/>\n<meta name=\"twitter:card\" content=\"summary_large_image\" \/>\n<meta name=\"twitter:label1\" content=\"Dur\u00e9e de lecture estim\u00e9e\" \/>\n\t<meta name=\"twitter:data1\" content=\"1 minute\" \/>\n<script type=\"application\/ld+json\" class=\"yoast-schema-graph\">{\"@context\":\"https:\/\/schema.org\",\"@graph\":[{\"@type\":\"WebPage\",\"@id\":\"https:\/\/dans6t.com\/compagnie\/lequipe\/\",\"url\":\"https:\/\/dans6t.com\/compagnie\/lequipe\/\",\"name\":\"L'\u00e9quipe - DANS6T Compagnie\",\"isPartOf\":{\"@id\":\"https:\/\/dans6t.com\/compagnie\/#website\"},\"datePublished\":\"2025-01-27T15:37:28+00:00\",\"dateModified\":\"2025-04-18T13:16:49+00:00\",\"description\":\"La compagnie Dans6T s'invite dans les r\u00e9cr\u00e9ations des primaires, coll\u00e8ges et lyc\u00e9es pour r\u00e9aliser des performances surprises.\",\"breadcrumb\":{\"@id\":\"https:\/\/dans6t.com\/compagnie\/lequipe\/#breadcrumb\"},\"inLanguage\":\"fr-FR\",\"potentialAction\":[{\"@type\":\"ReadAction\",\"target\":[\"https:\/\/dans6t.com\/compagnie\/lequipe\/\"]}]},{\"@type\":\"BreadcrumbList\",\"@id\":\"https:\/\/dans6t.com\/compagnie\/lequipe\/#breadcrumb\",\"itemListElement\":[{\"@type\":\"ListItem\",\"position\":1,\"name\":\"Accueil\",\"item\":\"https:\/\/dans6t.com\/compagnie\/\"},{\"@type\":\"ListItem\",\"position\":2,\"name\":\"L&#8217;\u00e9quipe\"}]},{\"@type\":\"WebSite\",\"@id\":\"https:\/\/dans6t.com\/compagnie\/#website\",\"url\":\"https:\/\/dans6t.com\/compagnie\/\",\"name\":\"DANS6T Compagnie\",\"description\":\"Compagnie\",\"publisher\":{\"@id\":\"https:\/\/dans6t.com\/compagnie\/#organization\"},\"potentialAction\":[{\"@type\":\"SearchAction\",\"target\":{\"@type\":\"EntryPoint\",\"urlTemplate\":\"https:\/\/dans6t.com\/compagnie\/?s={search_term_string}\"},\"query-input\":\"required name=search_term_string\"}],\"inLanguage\":\"fr-FR\"},{\"@type\":\"Organization\",\"@id\":\"https:\/\/dans6t.com\/compagnie\/#organization\",\"name\":\"DANS6T Compagnie\",\"url\":\"https:\/\/dans6t.com\/compagnie\/\",\"logo\":{\"@type\":\"ImageObject\",\"inLanguage\":\"fr-FR\",\"@id\":\"https:\/\/dans6t.com\/compagnie\/#\/schema\/logo\/image\/\",\"url\":\"https:\/\/dans6t.com\/compagnie\/wp-content\/uploads\/2025\/04\/cropped-BLANC-6-ROUGE-1-scaled-1.png\",\"contentUrl\":\"https:\/\/dans6t.com\/compagnie\/wp-content\/uploads\/2025\/04\/cropped-BLANC-6-ROUGE-1-scaled-1.png\",\"width\":2559,\"height\":853,\"caption\":\"DANS6T Compagnie\"},\"image\":{\"@id\":\"https:\/\/dans6t.com\/compagnie\/#\/schema\/logo\/image\/\"},\"sameAs\":[\"https:\/\/www.facebook.com\/compagniedans6t\",\"https:\/\/www.instagram.com\/compagnie_dans6t\/\"]}]}<\/script>\n<!-- \/ Yoast SEO plugin. -->","yoast_head_json":{"title":"L'\u00e9quipe - DANS6T Compagnie","description":"La compagnie Dans6T s'invite dans les r\u00e9cr\u00e9ations des primaires, coll\u00e8ges et lyc\u00e9es pour r\u00e9aliser des performances surprises.","robots":{"index":"index","follow":"follow","max-snippet":"max-snippet:-1","max-image-preview":"max-image-preview:large","max-video-preview":"max-video-preview:-1"},"canonical":"https:\/\/dans6t.com\/compagnie\/lequipe\/","og_locale":"fr_FR","og_type":"article","og_title":"L'\u00e9quipe - DANS6T Compagnie","og_description":"La compagnie Dans6T s'invite dans les r\u00e9cr\u00e9ations des primaires, coll\u00e8ges et lyc\u00e9es pour r\u00e9aliser des performances surprises.","og_url":"https:\/\/dans6t.com\/compagnie\/lequipe\/","og_site_name":"DANS6T Compagnie","article_publisher":"https:\/\/www.facebook.com\/compagniedans6t","article_modified_time":"2025-04-18T13:16:49+00:00","twitter_card":"summary_large_image","twitter_misc":{"Dur\u00e9e de lecture estim\u00e9e":"1 minute"},"schema":{"@context":"https:\/\/schema.org","@graph":[{"@type":"WebPage","@id":"https:\/\/dans6t.com\/compagnie\/lequipe\/","url":"https:\/\/dans6t.com\/compagnie\/lequipe\/","name":"L'\u00e9quipe - DANS6T Compagnie","isPartOf":{"@id":"https:\/\/dans6t.com\/compagnie\/#website"},"datePublished":"2025-01-27T15:37:28+00:00","dateModified":"2025-04-18T13:16:49+00:00","description":"La compagnie Dans6T s'invite dans les r\u00e9cr\u00e9ations des primaires, coll\u00e8ges et lyc\u00e9es pour r\u00e9aliser des performances surprises.","breadcrumb":{"@id":"https:\/\/dans6t.com\/compagnie\/lequipe\/#breadcrumb"},"inLanguage":"fr-FR","potentialAction":[{"@type":"ReadAction","target":["https:\/\/dans6t.com\/compagnie\/lequipe\/"]}]},{"@type":"BreadcrumbList","@id":"https:\/\/dans6t.com\/compagnie\/lequipe\/#breadcrumb","itemListElement":[{"@type":"ListItem","position":1,"name":"Accueil","item":"https:\/\/dans6t.com\/compagnie\/"},{"@type":"ListItem","position":2,"name":"L&#8217;\u00e9quipe"}]},{"@type":"WebSite","@id":"https:\/\/dans6t.com\/compagnie\/#website","url":"https:\/\/dans6t.com\/compagnie\/","name":"DANS6T Compagnie","description":"Compagnie","publisher":{"@id":"https:\/\/dans6t.com\/compagnie\/#organization"},"potentialAction":[{"@type":"SearchAction","target":{"@type":"EntryPoint","urlTemplate":"https:\/\/dans6t.com\/compagnie\/?s={search_term_string}"},"query-input":"required name=search_term_string"}],"inLanguage":"fr-FR"},{"@type":"Organization","@id":"https:\/\/dans6t.com\/compagnie\/#organization","name":"DANS6T Compagnie","url":"https:\/\/dans6t.com\/compagnie\/","logo":{"@type":"ImageObject","inLanguage":"fr-FR","@id":"https:\/\/dans6t.com\/compagnie\/#\/schema\/logo\/image\/","url":"https:\/\/dans6t.com\/compagnie\/wp-content\/uploads\/2025\/04\/cropped-BLANC-6-ROUGE-1-scaled-1.png","contentUrl":"https:\/\/dans6t.com\/compagnie\/wp-content\/uploads\/2025\/04\/cropped-BLANC-6-ROUGE-1-scaled-1.png","width":2559,"height":853,"caption":"DANS6T Compagnie"},"image":{"@id":"https:\/\/dans6t.com\/compagnie\/#\/schema\/logo\/image\/"},"sameAs":["https:\/\/www.facebook.com\/compagniedans6t","https:\/\/www.instagram.com\/compagnie_dans6t\/"]}]}},"uagb_featured_image_src":{"full":false,"thumbnail":false,"medium":false,"medium_large":false,"large":false,"1536x1536":false,"2048x2048":false},"uagb_author_info":{"display_name":"Dans6t Dans6t","author_link":"https:\/\/dans6t.com\/compagnie\/author\/dans6t\/"},"uagb_comment_info":0,"uagb_excerpt":"Nous travaillons actuellement sur cette page. Elle sera disponible prochainement !","_links":{"self":[{"href":"https:\/\/dans6t.com\/compagnie\/wp-json\/wp\/v2\/pages\/2511","targetHints":{"allow":["GET"]}}],"collection":[{"href":"https:\/\/dans6t.com\/compagnie\/wp-json\/wp\/v2\/pages"}],"about":[{"href":"https:\/\/dans6t.com\/compagnie\/wp-json\/wp\/v2\/types\/page"}],"author":[{"embeddable":true,"href":"https:\/\/dans6t.com\/compagnie\/wp-json\/wp\/v2\/users\/3"}],"replies":[{"embeddable":true,"href":"https:\/\/dans6t.com\/compagnie\/wp-json\/wp\/v2\/comments?post=2511"}],"version-history":[{"count":10,"href":"https:\/\/dans6t.com\/compagnie\/wp-json\/wp\/v2\/pages\/2511\/revisions"}],"predecessor-version":[{"id":3661,"href":"https:\/\/dans6t.com\/compagnie\/wp-json\/wp\/v2\/pages\/2511\/revisions\/3661"}],"wp:attachment":[{"href":"https:\/\/dans6t.com\/compagnie\/wp-json\/wp\/v2\/media?parent=2511"}],"curies":[{"name":"wp","href":"https:\/\/api.w.org\/{rel}","templated":true}]}}