{"id":1563,"date":"2022-11-17T17:05:40","date_gmt":"2022-11-17T16:05:40","guid":{"rendered":"https:\/\/dans6t.com\/compagnie\/?page_id=1563"},"modified":"2025-03-20T10:05:55","modified_gmt":"2025-03-20T09:05:55","slug":"films","status":"publish","type":"page","link":"https:\/\/dans6t.com\/compagnie\/films\/","title":{"rendered":"Films"},"content":{"rendered":"\t\t<div data-elementor-type=\"wp-post\" data-elementor-id=\"1563\" class=\"elementor elementor-1563\">\n\t\t\t\t\t\t\t\t\t<section class=\"elementor-section elementor-top-section elementor-element elementor-element-7ee6782 elementor-section-content-middle elementor-section-boxed elementor-section-height-default elementor-section-height-default\" data-id=\"7ee6782\" data-element_type=\"section\" data-settings=\"{&quot;background_background&quot;:&quot;classic&quot;,&quot;_ha_eqh_enable&quot;:false}\">\n\t\t\t\t\t\t\t<div class=\"elementor-background-overlay\"><\/div>\n\t\t\t\t\t\t\t<div class=\"elementor-container elementor-column-gap-no\">\n\t\t\t\t\t<div class=\"elementor-column elementor-col-100 elementor-top-column elementor-element elementor-element-1cd38fe\" data-id=\"1cd38fe\" data-element_type=\"column\">\n\t\t\t<div class=\"elementor-widget-wrap elementor-element-populated\">\n\t\t\t\t\t\t\t\t<div class=\"elementor-element elementor-element-428380b elementor-widget-divider--view-line_text elementor-widget-divider--element-align-left elementor-widget elementor-widget-divider\" data-id=\"428380b\" data-element_type=\"widget\" data-widget_type=\"divider.default\">\n\t\t\t\t<div class=\"elementor-widget-container\">\n\t\t\t<style>\/*! elementor - v3.16.0 - 20-09-2023 *\/\n.elementor-widget-divider{--divider-border-style:none;--divider-border-width:1px;--divider-color:#0c0d0e;--divider-icon-size:20px;--divider-element-spacing:10px;--divider-pattern-height:24px;--divider-pattern-size:20px;--divider-pattern-url:none;--divider-pattern-repeat:repeat-x}.elementor-widget-divider .elementor-divider{display:flex}.elementor-widget-divider .elementor-divider__text{font-size:15px;line-height:1;max-width:95%}.elementor-widget-divider .elementor-divider__element{margin:0 var(--divider-element-spacing);flex-shrink:0}.elementor-widget-divider .elementor-icon{font-size:var(--divider-icon-size)}.elementor-widget-divider .elementor-divider-separator{display:flex;margin:0;direction:ltr}.elementor-widget-divider--view-line_icon .elementor-divider-separator,.elementor-widget-divider--view-line_text .elementor-divider-separator{align-items:center}.elementor-widget-divider--view-line_icon .elementor-divider-separator:after,.elementor-widget-divider--view-line_icon .elementor-divider-separator:before,.elementor-widget-divider--view-line_text .elementor-divider-separator:after,.elementor-widget-divider--view-line_text .elementor-divider-separator:before{display:block;content:\"\";border-bottom:0;flex-grow:1;border-top:var(--divider-border-width) var(--divider-border-style) var(--divider-color)}.elementor-widget-divider--element-align-left .elementor-divider .elementor-divider-separator>.elementor-divider__svg:first-of-type{flex-grow:0;flex-shrink:100}.elementor-widget-divider--element-align-left .elementor-divider-separator:before{content:none}.elementor-widget-divider--element-align-left .elementor-divider__element{margin-left:0}.elementor-widget-divider--element-align-right .elementor-divider .elementor-divider-separator>.elementor-divider__svg:last-of-type{flex-grow:0;flex-shrink:100}.elementor-widget-divider--element-align-right .elementor-divider-separator:after{content:none}.elementor-widget-divider--element-align-right .elementor-divider__element{margin-right:0}.elementor-widget-divider:not(.elementor-widget-divider--view-line_text):not(.elementor-widget-divider--view-line_icon) .elementor-divider-separator{border-top:var(--divider-border-width) var(--divider-border-style) var(--divider-color)}.elementor-widget-divider--separator-type-pattern{--divider-border-style:none}.elementor-widget-divider--separator-type-pattern.elementor-widget-divider--view-line .elementor-divider-separator,.elementor-widget-divider--separator-type-pattern:not(.elementor-widget-divider--view-line) .elementor-divider-separator:after,.elementor-widget-divider--separator-type-pattern:not(.elementor-widget-divider--view-line) .elementor-divider-separator:before,.elementor-widget-divider--separator-type-pattern:not([class*=elementor-widget-divider--view]) .elementor-divider-separator{width:100%;min-height:var(--divider-pattern-height);-webkit-mask-size:var(--divider-pattern-size) 100%;mask-size:var(--divider-pattern-size) 100%;-webkit-mask-repeat:var(--divider-pattern-repeat);mask-repeat:var(--divider-pattern-repeat);background-color:var(--divider-color);-webkit-mask-image:var(--divider-pattern-url);mask-image:var(--divider-pattern-url)}.elementor-widget-divider--no-spacing{--divider-pattern-size:auto}.elementor-widget-divider--bg-round{--divider-pattern-repeat:round}.rtl .elementor-widget-divider .elementor-divider__text{direction:rtl}.e-con-inner>.elementor-widget-divider,.e-con>.elementor-widget-divider{width:var(--container-widget-width,100%);--flex-grow:var(--container-widget-flex-grow)}<\/style>\t\t<div class=\"elementor-divider\">\n\t\t\t<span class=\"elementor-divider-separator\">\n\t\t\t\t\t\t\t<h3 class=\"elementor-divider__text elementor-divider__element\">\n\t\t\t\tcr\u00e9ation 2022\t\t\t\t<\/h3>\n\t\t\t\t\t\t<\/span>\n\t\t<\/div>\n\t\t\t\t<\/div>\n\t\t\t\t<\/div>\n\t\t\t\t<div class=\"elementor-element elementor-element-18c53b3 elementor-widget elementor-widget-image-box\" data-id=\"18c53b3\" data-element_type=\"widget\" data-widget_type=\"image-box.default\">\n\t\t\t\t<div class=\"elementor-widget-container\">\n\t\t\t<style>\/*! elementor - v3.16.0 - 20-09-2023 *\/\n.elementor-widget-image-box .elementor-image-box-content{width:100%}@media (min-width:768px){.elementor-widget-image-box.elementor-position-left .elementor-image-box-wrapper,.elementor-widget-image-box.elementor-position-right .elementor-image-box-wrapper{display:flex}.elementor-widget-image-box.elementor-position-right .elementor-image-box-wrapper{text-align:right;flex-direction:row-reverse}.elementor-widget-image-box.elementor-position-left .elementor-image-box-wrapper{text-align:left;flex-direction:row}.elementor-widget-image-box.elementor-position-top .elementor-image-box-img{margin:auto}.elementor-widget-image-box.elementor-vertical-align-top .elementor-image-box-wrapper{align-items:flex-start}.elementor-widget-image-box.elementor-vertical-align-middle .elementor-image-box-wrapper{align-items:center}.elementor-widget-image-box.elementor-vertical-align-bottom .elementor-image-box-wrapper{align-items:flex-end}}@media (max-width:767px){.elementor-widget-image-box .elementor-image-box-img{margin-left:auto!important;margin-right:auto!important;margin-bottom:15px}}.elementor-widget-image-box .elementor-image-box-img{display:inline-block}.elementor-widget-image-box .elementor-image-box-title a{color:inherit}.elementor-widget-image-box .elementor-image-box-wrapper{text-align:center}.elementor-widget-image-box .elementor-image-box-description{margin:0}<\/style><div class=\"elementor-image-box-wrapper\"><div class=\"elementor-image-box-content\"><h1 class=\"elementor-image-box-title\">Broken Mirrors <\/h1><p class=\"elementor-image-box-description\">Le documentaire Broken Mirrors retrace  les diff\u00e9rentes \u00e9tapes du processus de la cr\u00e9ation chor\u00e9graphique Tel(le)s\/Quel(le)s du chor\u00e9graphe Bouziane Bouteldja  de la Cie DANS6T. Le film dresse \u00e9galement le portrait de quatre danseurs et trois danseuses de la France et du Maroc avec leurs diff\u00e9rences et ressemblances, danseurs qui partagent avec le spectateur, via le prisme de la danse, leur vision du monde...<\/p><\/div><\/div>\t\t<\/div>\n\t\t\t\t<\/div>\n\t\t\t\t<div class=\"elementor-element elementor-element-3d3f6a9 elementor-widget elementor-widget-eael-creative-button\" data-id=\"3d3f6a9\" data-element_type=\"widget\" data-widget_type=\"eael-creative-button.default\">\n\t\t\t\t<div class=\"elementor-widget-container\">\n\t\t\t        <div class=\"eael-creative-button-wrapper\">\n\n            <a class=\"eael-creative-button eael-creative-button--rayen\" href=\"https:\/\/dans6t.com\/compagnie\/broken-mirrors-bouziane-bouteldja-2\/\" data-text=\"En savoir plus\">\n\n\t    \n                <div class=\"creative-button-inner\">\n\n                    \n                    <span class=\"cretive-button-text\">En savoir plus<\/span>\n\n                                    <\/div>\n\t                        <\/a>\n        <\/div>\n\t\t<\/div>\n\t\t\t\t<\/div>\n\t\t\t\t\t<\/div>\n\t\t<\/div>\n\t\t\t\t\t\t\t<\/div>\n\t\t<\/section>\n\t\t\t\t<section class=\"elementor-section elementor-top-section elementor-element elementor-element-7df9c23 elementor-section-content-middle elementor-section-boxed elementor-section-height-default elementor-section-height-default\" data-id=\"7df9c23\" data-element_type=\"section\" data-settings=\"{&quot;background_background&quot;:&quot;classic&quot;,&quot;_ha_eqh_enable&quot;:false}\">\n\t\t\t\t\t\t\t<div class=\"elementor-background-overlay\"><\/div>\n\t\t\t\t\t\t\t<div class=\"elementor-container elementor-column-gap-no\">\n\t\t\t\t\t<div class=\"elementor-column elementor-col-100 elementor-top-column elementor-element elementor-element-0c45da6\" data-id=\"0c45da6\" data-element_type=\"column\">\n\t\t\t<div class=\"elementor-widget-wrap elementor-element-populated\">\n\t\t\t\t\t\t\t\t<div class=\"elementor-element elementor-element-94f08c0 elementor-widget-divider--view-line_text elementor-widget-divider--element-align-left elementor-widget elementor-widget-divider\" data-id=\"94f08c0\" data-element_type=\"widget\" data-widget_type=\"divider.default\">\n\t\t\t\t<div class=\"elementor-widget-container\">\n\t\t\t\t\t<div class=\"elementor-divider\">\n\t\t\t<span class=\"elementor-divider-separator\">\n\t\t\t\t\t\t\t<h3 class=\"elementor-divider__text elementor-divider__element\">\n\t\t\t\tNicolas Habas\t\t\t\t<\/h3>\n\t\t\t\t\t\t<\/span>\n\t\t<\/div>\n\t\t\t\t<\/div>\n\t\t\t\t<\/div>\n\t\t\t\t<div class=\"elementor-element elementor-element-a679a70 elementor-widget elementor-widget-image-box\" data-id=\"a679a70\" data-element_type=\"widget\" data-widget_type=\"image-box.default\">\n\t\t\t\t<div class=\"elementor-widget-container\">\n\t\t\t<div class=\"elementor-image-box-wrapper\"><div class=\"elementor-image-box-content\"><h1 class=\"elementor-image-box-title\">L'envol<\/h1><p class=\"elementor-image-box-description\">Autour de la question des migrations, le film est tourn\u00e9 entre la R\u00e9gion Occitanie et le Maroc avec\ndes danseurs professionnels de la compagnie et des danseurs marocains et fran\u00e7ais en\nformation. Le d\u00e9placement de la danse du plateau vers des espaces naturels permettra\nde poser la question de notre rapport \u00e0 l\u2019environnement.<\/p><\/div><\/div>\t\t<\/div>\n\t\t\t\t<\/div>\n\t\t\t\t\t<\/div>\n\t\t<\/div>\n\t\t\t\t\t\t\t<\/div>\n\t\t<\/section>\n\t\t\t\t\t\t\t<\/div>\n\t\t","protected":false},"excerpt":{"rendered":"<p>cr\u00e9ation 2022 Broken Mirrors Le documentaire Broken Mirrors retrace les diff\u00e9rentes \u00e9tapes du processus de la cr\u00e9ation chor\u00e9graphique Tel(le)s\/Quel(le)s du chor\u00e9graphe Bouziane Bouteldja de la Cie DANS6T. Le film dresse \u00e9galement le portrait de quatre danseurs et trois danseuses de la France et du Maroc avec leurs diff\u00e9rences et ressemblances, danseurs qui partagent avec le &hellip;<\/p>\n<p class=\"read-more\"> <a class=\"\" href=\"https:\/\/dans6t.com\/compagnie\/films\/\"> <span class=\"screen-reader-text\">Films<\/span> Lire la suite\u00a0\u00bb<\/a><\/p>\n","protected":false},"author":3,"featured_media":0,"parent":0,"menu_order":0,"comment_status":"closed","ping_status":"closed","template":"","meta":{"_uag_custom_page_level_css":"","site-sidebar-layout":"no-sidebar","site-content-layout":"page-builder","ast-global-header-display":"","ast-main-header-display":"","ast-hfb-above-header-display":"","ast-hfb-below-header-display":"","ast-hfb-mobile-header-display":"","site-post-title":"disabled","ast-breadcrumbs-content":"","ast-featured-img":"disabled","footer-sml-layout":"","theme-transparent-header-meta":"enabled","adv-header-id-meta":"","stick-header-meta":"","header-above-stick-meta":"","header-main-stick-meta":"","header-below-stick-meta":"","footnotes":""},"class_list":["post-1563","page","type-page","status-publish","hentry"],"yoast_head":"<!-- This site is optimized with the Yoast SEO plugin v21.2 - https:\/\/yoast.com\/wordpress\/plugins\/seo\/ -->\n<title>Films - DANS6T Compagnie<\/title>\n<meta name=\"robots\" content=\"index, follow, max-snippet:-1, max-image-preview:large, max-video-preview:-1\" \/>\n<link rel=\"canonical\" href=\"https:\/\/dans6t.com\/compagnie\/films\/\" \/>\n<meta property=\"og:locale\" content=\"fr_FR\" \/>\n<meta property=\"og:type\" content=\"article\" \/>\n<meta property=\"og:title\" content=\"Films - DANS6T Compagnie\" \/>\n<meta property=\"og:description\" content=\"cr\u00e9ation 2022 Broken Mirrors Le documentaire Broken Mirrors retrace les diff\u00e9rentes \u00e9tapes du processus de la cr\u00e9ation chor\u00e9graphique Tel(le)s\/Quel(le)s du chor\u00e9graphe Bouziane Bouteldja de la Cie DANS6T. Le film dresse \u00e9galement le portrait de quatre danseurs et trois danseuses de la France et du Maroc avec leurs diff\u00e9rences et ressemblances, danseurs qui partagent avec le &hellip; Films Lire la suite\u00a0\u00bb\" \/>\n<meta property=\"og:url\" content=\"https:\/\/dans6t.com\/compagnie\/films\/\" \/>\n<meta property=\"og:site_name\" content=\"DANS6T Compagnie\" \/>\n<meta property=\"article:publisher\" content=\"https:\/\/www.facebook.com\/compagniedans6t\" \/>\n<meta property=\"article:modified_time\" content=\"2025-03-20T09:05:55+00:00\" \/>\n<meta name=\"twitter:card\" content=\"summary_large_image\" \/>\n<meta name=\"twitter:label1\" content=\"Dur\u00e9e de lecture estim\u00e9e\" \/>\n\t<meta name=\"twitter:data1\" content=\"1 minute\" \/>\n<script type=\"application\/ld+json\" class=\"yoast-schema-graph\">{\"@context\":\"https:\/\/schema.org\",\"@graph\":[{\"@type\":\"WebPage\",\"@id\":\"https:\/\/dans6t.com\/compagnie\/films\/\",\"url\":\"https:\/\/dans6t.com\/compagnie\/films\/\",\"name\":\"Films - DANS6T Compagnie\",\"isPartOf\":{\"@id\":\"https:\/\/dans6t.com\/compagnie\/#website\"},\"datePublished\":\"2022-11-17T16:05:40+00:00\",\"dateModified\":\"2025-03-20T09:05:55+00:00\",\"breadcrumb\":{\"@id\":\"https:\/\/dans6t.com\/compagnie\/films\/#breadcrumb\"},\"inLanguage\":\"fr-FR\",\"potentialAction\":[{\"@type\":\"ReadAction\",\"target\":[\"https:\/\/dans6t.com\/compagnie\/films\/\"]}]},{\"@type\":\"BreadcrumbList\",\"@id\":\"https:\/\/dans6t.com\/compagnie\/films\/#breadcrumb\",\"itemListElement\":[{\"@type\":\"ListItem\",\"position\":1,\"name\":\"Accueil\",\"item\":\"https:\/\/dans6t.com\/compagnie\/\"},{\"@type\":\"ListItem\",\"position\":2,\"name\":\"Films\"}]},{\"@type\":\"WebSite\",\"@id\":\"https:\/\/dans6t.com\/compagnie\/#website\",\"url\":\"https:\/\/dans6t.com\/compagnie\/\",\"name\":\"DANS6T Compagnie\",\"description\":\"Compagnie\",\"publisher\":{\"@id\":\"https:\/\/dans6t.com\/compagnie\/#organization\"},\"potentialAction\":[{\"@type\":\"SearchAction\",\"target\":{\"@type\":\"EntryPoint\",\"urlTemplate\":\"https:\/\/dans6t.com\/compagnie\/?s={search_term_string}\"},\"query-input\":\"required name=search_term_string\"}],\"inLanguage\":\"fr-FR\"},{\"@type\":\"Organization\",\"@id\":\"https:\/\/dans6t.com\/compagnie\/#organization\",\"name\":\"DANS6T Compagnie\",\"url\":\"https:\/\/dans6t.com\/compagnie\/\",\"logo\":{\"@type\":\"ImageObject\",\"inLanguage\":\"fr-FR\",\"@id\":\"https:\/\/dans6t.com\/compagnie\/#\/schema\/logo\/image\/\",\"url\":\"https:\/\/dans6t.com\/compagnie\/wp-content\/uploads\/2025\/04\/cropped-BLANC-6-ROUGE-1-scaled-1.png\",\"contentUrl\":\"https:\/\/dans6t.com\/compagnie\/wp-content\/uploads\/2025\/04\/cropped-BLANC-6-ROUGE-1-scaled-1.png\",\"width\":2559,\"height\":853,\"caption\":\"DANS6T Compagnie\"},\"image\":{\"@id\":\"https:\/\/dans6t.com\/compagnie\/#\/schema\/logo\/image\/\"},\"sameAs\":[\"https:\/\/www.facebook.com\/compagniedans6t\",\"https:\/\/www.instagram.com\/compagnie_dans6t\/\"]}]}<\/script>\n<!-- \/ Yoast SEO plugin. -->","yoast_head_json":{"title":"Films - DANS6T Compagnie","robots":{"index":"index","follow":"follow","max-snippet":"max-snippet:-1","max-image-preview":"max-image-preview:large","max-video-preview":"max-video-preview:-1"},"canonical":"https:\/\/dans6t.com\/compagnie\/films\/","og_locale":"fr_FR","og_type":"article","og_title":"Films - DANS6T Compagnie","og_description":"cr\u00e9ation 2022 Broken Mirrors Le documentaire Broken Mirrors retrace les diff\u00e9rentes \u00e9tapes du processus de la cr\u00e9ation chor\u00e9graphique Tel(le)s\/Quel(le)s du chor\u00e9graphe Bouziane Bouteldja de la Cie DANS6T. Le film dresse \u00e9galement le portrait de quatre danseurs et trois danseuses de la France et du Maroc avec leurs diff\u00e9rences et ressemblances, danseurs qui partagent avec le &hellip; Films Lire la suite\u00a0\u00bb","og_url":"https:\/\/dans6t.com\/compagnie\/films\/","og_site_name":"DANS6T Compagnie","article_publisher":"https:\/\/www.facebook.com\/compagniedans6t","article_modified_time":"2025-03-20T09:05:55+00:00","twitter_card":"summary_large_image","twitter_misc":{"Dur\u00e9e de lecture estim\u00e9e":"1 minute"},"schema":{"@context":"https:\/\/schema.org","@graph":[{"@type":"WebPage","@id":"https:\/\/dans6t.com\/compagnie\/films\/","url":"https:\/\/dans6t.com\/compagnie\/films\/","name":"Films - DANS6T Compagnie","isPartOf":{"@id":"https:\/\/dans6t.com\/compagnie\/#website"},"datePublished":"2022-11-17T16:05:40+00:00","dateModified":"2025-03-20T09:05:55+00:00","breadcrumb":{"@id":"https:\/\/dans6t.com\/compagnie\/films\/#breadcrumb"},"inLanguage":"fr-FR","potentialAction":[{"@type":"ReadAction","target":["https:\/\/dans6t.com\/compagnie\/films\/"]}]},{"@type":"BreadcrumbList","@id":"https:\/\/dans6t.com\/compagnie\/films\/#breadcrumb","itemListElement":[{"@type":"ListItem","position":1,"name":"Accueil","item":"https:\/\/dans6t.com\/compagnie\/"},{"@type":"ListItem","position":2,"name":"Films"}]},{"@type":"WebSite","@id":"https:\/\/dans6t.com\/compagnie\/#website","url":"https:\/\/dans6t.com\/compagnie\/","name":"DANS6T Compagnie","description":"Compagnie","publisher":{"@id":"https:\/\/dans6t.com\/compagnie\/#organization"},"potentialAction":[{"@type":"SearchAction","target":{"@type":"EntryPoint","urlTemplate":"https:\/\/dans6t.com\/compagnie\/?s={search_term_string}"},"query-input":"required name=search_term_string"}],"inLanguage":"fr-FR"},{"@type":"Organization","@id":"https:\/\/dans6t.com\/compagnie\/#organization","name":"DANS6T Compagnie","url":"https:\/\/dans6t.com\/compagnie\/","logo":{"@type":"ImageObject","inLanguage":"fr-FR","@id":"https:\/\/dans6t.com\/compagnie\/#\/schema\/logo\/image\/","url":"https:\/\/dans6t.com\/compagnie\/wp-content\/uploads\/2025\/04\/cropped-BLANC-6-ROUGE-1-scaled-1.png","contentUrl":"https:\/\/dans6t.com\/compagnie\/wp-content\/uploads\/2025\/04\/cropped-BLANC-6-ROUGE-1-scaled-1.png","width":2559,"height":853,"caption":"DANS6T Compagnie"},"image":{"@id":"https:\/\/dans6t.com\/compagnie\/#\/schema\/logo\/image\/"},"sameAs":["https:\/\/www.facebook.com\/compagniedans6t","https:\/\/www.instagram.com\/compagnie_dans6t\/"]}]}},"uagb_featured_image_src":{"full":false,"thumbnail":false,"medium":false,"medium_large":false,"large":false,"1536x1536":false,"2048x2048":false},"uagb_author_info":{"display_name":"Dans6t Dans6t","author_link":"https:\/\/dans6t.com\/compagnie\/author\/dans6t\/"},"uagb_comment_info":0,"uagb_excerpt":"cr\u00e9ation 2022 Broken Mirrors Le documentaire Broken Mirrors retrace les diff\u00e9rentes \u00e9tapes du processus de la cr\u00e9ation chor\u00e9graphique Tel(le)s\/Quel(le)s du chor\u00e9graphe Bouziane Bouteldja de la Cie DANS6T. Le film dresse \u00e9galement le portrait de quatre danseurs et trois danseuses de la France et du Maroc avec leurs diff\u00e9rences et ressemblances, danseurs qui partagent avec le\u2026","_links":{"self":[{"href":"https:\/\/dans6t.com\/compagnie\/wp-json\/wp\/v2\/pages\/1563","targetHints":{"allow":["GET"]}}],"collection":[{"href":"https:\/\/dans6t.com\/compagnie\/wp-json\/wp\/v2\/pages"}],"about":[{"href":"https:\/\/dans6t.com\/compagnie\/wp-json\/wp\/v2\/types\/page"}],"author":[{"embeddable":true,"href":"https:\/\/dans6t.com\/compagnie\/wp-json\/wp\/v2\/users\/3"}],"replies":[{"embeddable":true,"href":"https:\/\/dans6t.com\/compagnie\/wp-json\/wp\/v2\/comments?post=1563"}],"version-history":[{"count":51,"href":"https:\/\/dans6t.com\/compagnie\/wp-json\/wp\/v2\/pages\/1563\/revisions"}],"predecessor-version":[{"id":3800,"href":"https:\/\/dans6t.com\/compagnie\/wp-json\/wp\/v2\/pages\/1563\/revisions\/3800"}],"wp:attachment":[{"href":"https:\/\/dans6t.com\/compagnie\/wp-json\/wp\/v2\/media?parent=1563"}],"curies":[{"name":"wp","href":"https:\/\/api.w.org\/{rel}","templated":true}]}}