{"id":770,"date":"2021-11-04T10:33:24","date_gmt":"2021-11-04T09:33:24","guid":{"rendered":"https:\/\/dans6t.com\/centre-de-danse\/?page_id=770"},"modified":"2025-03-04T15:02:48","modified_gmt":"2025-03-04T14:02:48","slug":"les-aides-financieres-cours","status":"publish","type":"page","link":"https:\/\/dans6t.com\/centre-de-danse\/les-aides-financieres-cours\/","title":{"rendered":"Les aides"},"content":{"rendered":"\t\t<div data-elementor-type=\"wp-post\" data-elementor-id=\"770\" class=\"elementor elementor-770\">\n\t\t\t\t\t\t\t\t\t<section class=\"elementor-section elementor-top-section elementor-element elementor-element-d7d8b56 elementor-section-boxed elementor-section-height-default elementor-section-height-default\" data-id=\"d7d8b56\" data-element_type=\"section\" data-settings=\"{&quot;background_background&quot;:&quot;classic&quot;,&quot;_ha_eqh_enable&quot;:false}\">\n\t\t\t\t\t\t\t<div class=\"elementor-background-overlay\"><\/div>\n\t\t\t\t\t\t\t<div class=\"elementor-container elementor-column-gap-default\">\n\t\t\t\t\t<div class=\"elementor-column elementor-col-100 elementor-top-column elementor-element elementor-element-fd69444\" data-id=\"fd69444\" data-element_type=\"column\">\n\t\t\t<div class=\"elementor-widget-wrap elementor-element-populated\">\n\t\t\t\t\t\t\t\t<div class=\"elementor-element elementor-element-adfef13 elementor-widget elementor-widget-heading\" data-id=\"adfef13\" data-element_type=\"widget\" data-widget_type=\"heading.default\">\n\t\t\t\t<div class=\"elementor-widget-container\">\n\t\t\t<style>\/*! elementor - v3.16.0 - 09-10-2023 *\/\n.elementor-heading-title{padding:0;margin:0;line-height:1}.elementor-widget-heading .elementor-heading-title[class*=elementor-size-]>a{color:inherit;font-size:inherit;line-height:inherit}.elementor-widget-heading .elementor-heading-title.elementor-size-small{font-size:15px}.elementor-widget-heading .elementor-heading-title.elementor-size-medium{font-size:19px}.elementor-widget-heading .elementor-heading-title.elementor-size-large{font-size:29px}.elementor-widget-heading .elementor-heading-title.elementor-size-xl{font-size:39px}.elementor-widget-heading .elementor-heading-title.elementor-size-xxl{font-size:59px}<\/style><h2 class=\"elementor-heading-title elementor-size-default\"><u>Les aides financi\u00e8res disponibles<\/u><\/h2>\t\t<\/div>\n\t\t\t\t<\/div>\n\t\t\t\t\t<\/div>\n\t\t<\/div>\n\t\t\t\t\t\t\t<\/div>\n\t\t<\/section>\n\t\t\t\t<section class=\"elementor-section elementor-top-section elementor-element elementor-element-5c40d7b elementor-section-boxed elementor-section-height-default elementor-section-height-default\" data-id=\"5c40d7b\" data-element_type=\"section\" data-settings=\"{&quot;background_background&quot;:&quot;classic&quot;,&quot;_ha_eqh_enable&quot;:false}\">\n\t\t\t\t\t\t\t<div class=\"elementor-background-overlay\"><\/div>\n\t\t\t\t\t\t\t<div class=\"elementor-container elementor-column-gap-default\">\n\t\t\t\t\t<div class=\"elementor-column elementor-col-100 elementor-top-column elementor-element elementor-element-2ebbf9c\" data-id=\"2ebbf9c\" data-element_type=\"column\">\n\t\t\t<div class=\"elementor-widget-wrap elementor-element-populated\">\n\t\t\t\t\t\t\t\t<div class=\"elementor-element elementor-element-5dcd18a elementor-widget elementor-widget-text-editor\" data-id=\"5dcd18a\" data-element_type=\"widget\" data-widget_type=\"text-editor.default\">\n\t\t\t\t<div class=\"elementor-widget-container\">\n\t\t\t<style>\/*! elementor - v3.16.0 - 09-10-2023 *\/\n.elementor-widget-text-editor.elementor-drop-cap-view-stacked .elementor-drop-cap{background-color:#69727d;color:#fff}.elementor-widget-text-editor.elementor-drop-cap-view-framed .elementor-drop-cap{color:#69727d;border:3px solid;background-color:transparent}.elementor-widget-text-editor:not(.elementor-drop-cap-view-default) .elementor-drop-cap{margin-top:8px}.elementor-widget-text-editor:not(.elementor-drop-cap-view-default) .elementor-drop-cap-letter{width:1em;height:1em}.elementor-widget-text-editor .elementor-drop-cap{float:left;text-align:center;line-height:1;font-size:50px}.elementor-widget-text-editor .elementor-drop-cap-letter{display:inline-block}<\/style>\t\t\t\t<p class=\"font_8\"><strong>Notre association a l&#8217;agr\u00e9ment UFOLEP et accepte les coupons ANCV<\/strong> (coupons sports, ch\u00e8ques vacances) et les cartes jeunes.<br>Gr\u00e2ce \u00e0 la Mairie de Tarbes, nous sommes \u00e0 m\u00eame de proposer \u00e0 nos adh\u00e9rents les fameux &#8220;coupons sports&#8221; !<\/p>\t\t\t\t\t\t<\/div>\n\t\t\t\t<\/div>\n\t\t\t\t<div class=\"elementor-element elementor-element-2e10f67 elementor-widget elementor-widget-spacer\" data-id=\"2e10f67\" data-element_type=\"widget\" data-widget_type=\"spacer.default\">\n\t\t\t\t<div class=\"elementor-widget-container\">\n\t\t\t<style>\/*! elementor - v3.16.0 - 09-10-2023 *\/\n.elementor-column .elementor-spacer-inner{height:var(--spacer-size)}.e-con{--container-widget-width:100%}.e-con-inner>.elementor-widget-spacer,.e-con>.elementor-widget-spacer{width:var(--container-widget-width,var(--spacer-size));--align-self:var(--container-widget-align-self,initial);--flex-shrink:0}.e-con-inner>.elementor-widget-spacer>.elementor-widget-container,.e-con>.elementor-widget-spacer>.elementor-widget-container{height:100%;width:100%}.e-con-inner>.elementor-widget-spacer>.elementor-widget-container>.elementor-spacer,.e-con>.elementor-widget-spacer>.elementor-widget-container>.elementor-spacer{height:100%}.e-con-inner>.elementor-widget-spacer>.elementor-widget-container>.elementor-spacer>.elementor-spacer-inner,.e-con>.elementor-widget-spacer>.elementor-widget-container>.elementor-spacer>.elementor-spacer-inner{height:var(--container-widget-height,var(--spacer-size))}.e-con-inner>.elementor-widget-spacer.elementor-widget-empty,.e-con>.elementor-widget-spacer.elementor-widget-empty{position:relative;min-height:22px;min-width:22px}.e-con-inner>.elementor-widget-spacer.elementor-widget-empty .elementor-widget-empty-icon,.e-con>.elementor-widget-spacer.elementor-widget-empty .elementor-widget-empty-icon{position:absolute;top:0;bottom:0;left:0;right:0;margin:auto;padding:0;width:22px;height:22px}<\/style>\t\t<div class=\"elementor-spacer\">\n\t\t\t<div class=\"elementor-spacer-inner\"><\/div>\n\t\t<\/div>\n\t\t\t\t<\/div>\n\t\t\t\t<\/div>\n\t\t\t\t<div class=\"elementor-element elementor-element-903c186 elementor-widget elementor-widget-heading\" data-id=\"903c186\" data-element_type=\"widget\" data-widget_type=\"heading.default\">\n\t\t\t\t<div class=\"elementor-widget-container\">\n\t\t\t<h4 class=\"elementor-heading-title elementor-size-default\">Le coupon sport, ANCV<\/h4>\t\t<\/div>\n\t\t\t\t<\/div>\n\t\t\t\t<div class=\"elementor-element elementor-element-23d597c elementor-widget-divider--view-line elementor-widget elementor-widget-divider\" data-id=\"23d597c\" data-element_type=\"widget\" data-widget_type=\"divider.default\">\n\t\t\t\t<div class=\"elementor-widget-container\">\n\t\t\t<style>\/*! elementor - v3.16.0 - 09-10-2023 *\/\n.elementor-widget-divider{--divider-border-style:none;--divider-border-width:1px;--divider-color:#0c0d0e;--divider-icon-size:20px;--divider-element-spacing:10px;--divider-pattern-height:24px;--divider-pattern-size:20px;--divider-pattern-url:none;--divider-pattern-repeat:repeat-x}.elementor-widget-divider .elementor-divider{display:flex}.elementor-widget-divider .elementor-divider__text{font-size:15px;line-height:1;max-width:95%}.elementor-widget-divider .elementor-divider__element{margin:0 var(--divider-element-spacing);flex-shrink:0}.elementor-widget-divider .elementor-icon{font-size:var(--divider-icon-size)}.elementor-widget-divider .elementor-divider-separator{display:flex;margin:0;direction:ltr}.elementor-widget-divider--view-line_icon .elementor-divider-separator,.elementor-widget-divider--view-line_text .elementor-divider-separator{align-items:center}.elementor-widget-divider--view-line_icon .elementor-divider-separator:after,.elementor-widget-divider--view-line_icon .elementor-divider-separator:before,.elementor-widget-divider--view-line_text .elementor-divider-separator:after,.elementor-widget-divider--view-line_text .elementor-divider-separator:before{display:block;content:\"\";border-bottom:0;flex-grow:1;border-top:var(--divider-border-width) var(--divider-border-style) var(--divider-color)}.elementor-widget-divider--element-align-left .elementor-divider .elementor-divider-separator>.elementor-divider__svg:first-of-type{flex-grow:0;flex-shrink:100}.elementor-widget-divider--element-align-left .elementor-divider-separator:before{content:none}.elementor-widget-divider--element-align-left .elementor-divider__element{margin-left:0}.elementor-widget-divider--element-align-right .elementor-divider .elementor-divider-separator>.elementor-divider__svg:last-of-type{flex-grow:0;flex-shrink:100}.elementor-widget-divider--element-align-right .elementor-divider-separator:after{content:none}.elementor-widget-divider--element-align-right .elementor-divider__element{margin-right:0}.elementor-widget-divider:not(.elementor-widget-divider--view-line_text):not(.elementor-widget-divider--view-line_icon) .elementor-divider-separator{border-top:var(--divider-border-width) var(--divider-border-style) var(--divider-color)}.elementor-widget-divider--separator-type-pattern{--divider-border-style:none}.elementor-widget-divider--separator-type-pattern.elementor-widget-divider--view-line .elementor-divider-separator,.elementor-widget-divider--separator-type-pattern:not(.elementor-widget-divider--view-line) .elementor-divider-separator:after,.elementor-widget-divider--separator-type-pattern:not(.elementor-widget-divider--view-line) .elementor-divider-separator:before,.elementor-widget-divider--separator-type-pattern:not([class*=elementor-widget-divider--view]) .elementor-divider-separator{width:100%;min-height:var(--divider-pattern-height);-webkit-mask-size:var(--divider-pattern-size) 100%;mask-size:var(--divider-pattern-size) 100%;-webkit-mask-repeat:var(--divider-pattern-repeat);mask-repeat:var(--divider-pattern-repeat);background-color:var(--divider-color);-webkit-mask-image:var(--divider-pattern-url);mask-image:var(--divider-pattern-url)}.elementor-widget-divider--no-spacing{--divider-pattern-size:auto}.elementor-widget-divider--bg-round{--divider-pattern-repeat:round}.rtl .elementor-widget-divider .elementor-divider__text{direction:rtl}.e-con-inner>.elementor-widget-divider,.e-con>.elementor-widget-divider{width:var(--container-widget-width,100%);--flex-grow:var(--container-widget-flex-grow)}<\/style>\t\t<div class=\"elementor-divider\">\n\t\t\t<span class=\"elementor-divider-separator\">\n\t\t\t\t\t\t<\/span>\n\t\t<\/div>\n\t\t\t\t<\/div>\n\t\t\t\t<\/div>\n\t\t\t\t<div class=\"elementor-element elementor-element-6d1a71e elementor-widget elementor-widget-text-editor\" data-id=\"6d1a71e\" data-element_type=\"widget\" data-widget_type=\"text-editor.default\">\n\t\t\t\t<div class=\"elementor-widget-container\">\n\t\t\t\t\t\t\t<p>.C&#8217;est une aide d&#8217;une valeur de 10 \u20ac, 15 \u20ac ou 20 \u20ac pour aider \u00e0 financer la licence de sport dans un club. L\u2019obtention peut se faire par trois moyens diff\u00e9rents en fonction de l\u2019emploi parental.<\/p>\t\t\t\t\t\t<\/div>\n\t\t\t\t<\/div>\n\t\t\t\t<div class=\"elementor-element elementor-element-472e2e4 elementor-widget elementor-widget-heading\" data-id=\"472e2e4\" data-element_type=\"widget\" data-widget_type=\"heading.default\">\n\t\t\t\t<div class=\"elementor-widget-container\">\n\t\t\t<h4 class=\"elementor-heading-title elementor-size-default\">Le pass' loisir<\/h4>\t\t<\/div>\n\t\t\t\t<\/div>\n\t\t\t\t<div class=\"elementor-element elementor-element-a6c63bd elementor-widget-divider--view-line elementor-widget elementor-widget-divider\" data-id=\"a6c63bd\" data-element_type=\"widget\" data-widget_type=\"divider.default\">\n\t\t\t\t<div class=\"elementor-widget-container\">\n\t\t\t\t\t<div class=\"elementor-divider\">\n\t\t\t<span class=\"elementor-divider-separator\">\n\t\t\t\t\t\t<\/span>\n\t\t<\/div>\n\t\t\t\t<\/div>\n\t\t\t\t<\/div>\n\t\t\t\t<div class=\"elementor-element elementor-element-7b1aed7 elementor-widget elementor-widget-text-editor\" data-id=\"7b1aed7\" data-element_type=\"widget\" data-widget_type=\"text-editor.default\">\n\t\t\t\t<div class=\"elementor-widget-container\">\n\t\t\t\t\t\t\t<p class=\"font_8\">Depuis plusieurs ann\u00e9es, la CAF (ou Caisse d&#8217;Allocations Familiales) propose une aide de 10 euros et plus pour aider \u00e0 financer une activit\u00e9 sportive ou culturelle.<\/p><p class=\"font_8\">Chaque centre r\u00e9gional de la CAF peut fixer les conditions relatives au Pass\u2019Loisirs, mais en g\u00e9n\u00e9ral il s\u2019agit d\u2019un ch\u00e9quier de 50 \u20ac (5\u00d710 \u20ac) destin\u00e9 \u00e0 financer la pratique sportive ou culturelle d&#8217;un enfant \u00e2g\u00e9 de 9 ans \u00e0 16 ans.\u00a0<\/p><p class=\"font_8\">Le sport intervient afin de lib\u00e9rer le stress lors d&#8217;\u00e9v\u00e9nements tel que les d\u00e9m\u00e9nagements. Il en va de m\u00eame pour les parents, qui avec la pratique du sport et surtout un d\u00e9m\u00e9nagement pr\u00e9par\u00e9 peuvent soulager leur quotidien.\u00a0 Pour cela, il est important de s&#8217;y prendre \u00e0 l&#8217;avance dans les d\u00e9marches de changement d&#8217;adresse (r\u00e9siliation, nouvelle souscription, etc.) notamment.\u00a0<\/p><p>Vous pouvez aussi trouver un article exhaustif sur les aides \u00e0 la pratique sportive et davantage d&#8217;informations vis-\u00e0-vis des crit\u00e8res d\u2019\u00e9ligibilit\u00e9s ci-apr\u00e8s : https:\/\/www.pass.sports.gouv.fr\/obtenir-mon-code\/<\/p>\t\t\t\t\t\t<\/div>\n\t\t\t\t<\/div>\n\t\t\t\t<div class=\"elementor-element elementor-element-69db5c1 elementor-widget elementor-widget-spacer\" data-id=\"69db5c1\" data-element_type=\"widget\" data-widget_type=\"spacer.default\">\n\t\t\t\t<div class=\"elementor-widget-container\">\n\t\t\t\t\t<div class=\"elementor-spacer\">\n\t\t\t<div class=\"elementor-spacer-inner\"><\/div>\n\t\t<\/div>\n\t\t\t\t<\/div>\n\t\t\t\t<\/div>\n\t\t\t\t\t<\/div>\n\t\t<\/div>\n\t\t\t\t\t\t\t<\/div>\n\t\t<\/section>\n\t\t\t\t\t\t\t<\/div>\n\t\t","protected":false},"excerpt":{"rendered":"<p>les aides Les aides financi\u00e8res disponibles Notre association \u00e0 l&#8217;agr\u00e9ment UFOLEP et accepte les coupons ANCV (coupons sports, ch\u00e8ques vacances) et les cartes jeunes.Gr\u00e2ce \u00e0 la Mairie de Tarbes, nous sommes \u00e0 m\u00eame de proposer \u00e0 nos adh\u00e9rents les fameux &#8220;coupons sports&#8221; ! Le coupon sport, ANCV .C&#8217;est une aide d&#8217;une valeur de 10 \u20ac, &hellip;<\/p>\n<p class=\"read-more\"> <a class=\"\" href=\"https:\/\/dans6t.com\/centre-de-danse\/les-aides-financieres-cours\/\"> <span class=\"screen-reader-text\">Les aides<\/span> Lire la suite\u00a0\u00bb<\/a><\/p>\n","protected":false},"author":8,"featured_media":0,"parent":0,"menu_order":0,"comment_status":"closed","ping_status":"closed","template":"","meta":{"site-sidebar-layout":"no-sidebar","site-content-layout":"page-builder","ast-site-content-layout":"full-width-container","site-content-style":"unboxed","site-sidebar-style":"unboxed","ast-global-header-display":"","ast-banner-title-visibility":"","ast-main-header-display":"","ast-hfb-above-header-display":"","ast-hfb-below-header-display":"","ast-hfb-mobile-header-display":"","site-post-title":"disabled","ast-breadcrumbs-content":"","ast-featured-img":"disabled","footer-sml-layout":"","theme-transparent-header-meta":"enabled","adv-header-id-meta":"","stick-header-meta":"","header-above-stick-meta":"","header-main-stick-meta":"","header-below-stick-meta":"","astra-migrate-meta-layouts":"set","_ti_tpc_template_sync":false,"_ti_tpc_template_id":"","footnotes":""},"class_list":["post-770","page","type-page","status-publish","hentry"],"yoast_head":"<!-- This site is optimized with the Yoast SEO plugin v21.3 - https:\/\/yoast.com\/wordpress\/plugins\/seo\/ -->\n<title>Les aides - DANS6T<\/title>\n<meta name=\"description\" content=\"D\u00e9couvrez les aides financi\u00e8res disponibles lors de l&#039;inscription aux cours de danse !\" \/>\n<meta name=\"robots\" content=\"index, follow, max-snippet:-1, max-image-preview:large, max-video-preview:-1\" \/>\n<link rel=\"canonical\" href=\"https:\/\/dans6t.com\/centre-de-danse\/les-aides-financieres-cours\/\" \/>\n<meta property=\"og:locale\" content=\"fr_FR\" \/>\n<meta property=\"og:type\" content=\"article\" \/>\n<meta property=\"og:title\" content=\"Les aides - DANS6T\" \/>\n<meta property=\"og:description\" content=\"D\u00e9couvrez les aides financi\u00e8res disponibles lors de l&#039;inscription aux cours de danse !\" \/>\n<meta property=\"og:url\" content=\"https:\/\/dans6t.com\/centre-de-danse\/les-aides-financieres-cours\/\" \/>\n<meta property=\"og:site_name\" content=\"DANS6T\" \/>\n<meta property=\"article:publisher\" content=\"https:\/\/www.facebook.com\/Dans6tOfficiel\/\" \/>\n<meta property=\"article:modified_time\" content=\"2025-03-04T14:02:48+00:00\" \/>\n<meta name=\"twitter:card\" content=\"summary_large_image\" \/>\n<meta name=\"twitter:label1\" content=\"Dur\u00e9e de lecture estim\u00e9e\" \/>\n\t<meta name=\"twitter:data1\" content=\"2 minutes\" \/>\n<script type=\"application\/ld+json\" class=\"yoast-schema-graph\">{\"@context\":\"https:\/\/schema.org\",\"@graph\":[{\"@type\":\"WebPage\",\"@id\":\"https:\/\/dans6t.com\/centre-de-danse\/les-aides-financieres-cours\/\",\"url\":\"https:\/\/dans6t.com\/centre-de-danse\/les-aides-financieres-cours\/\",\"name\":\"Les aides - DANS6T\",\"isPartOf\":{\"@id\":\"https:\/\/dans6t.com\/centre-de-danse\/#website\"},\"datePublished\":\"2021-11-04T09:33:24+00:00\",\"dateModified\":\"2025-03-04T14:02:48+00:00\",\"description\":\"D\u00e9couvrez les aides financi\u00e8res disponibles lors de l'inscription aux cours de danse !\",\"breadcrumb\":{\"@id\":\"https:\/\/dans6t.com\/centre-de-danse\/les-aides-financieres-cours\/#breadcrumb\"},\"inLanguage\":\"fr-FR\",\"potentialAction\":[{\"@type\":\"ReadAction\",\"target\":[\"https:\/\/dans6t.com\/centre-de-danse\/les-aides-financieres-cours\/\"]}]},{\"@type\":\"BreadcrumbList\",\"@id\":\"https:\/\/dans6t.com\/centre-de-danse\/les-aides-financieres-cours\/#breadcrumb\",\"itemListElement\":[{\"@type\":\"ListItem\",\"position\":1,\"name\":\"Accueil\",\"item\":\"https:\/\/dans6t.com\/centre-de-danse\/\"},{\"@type\":\"ListItem\",\"position\":2,\"name\":\"Les aides\"}]},{\"@type\":\"WebSite\",\"@id\":\"https:\/\/dans6t.com\/centre-de-danse\/#website\",\"url\":\"https:\/\/dans6t.com\/centre-de-danse\/\",\"name\":\"DANS6T\",\"description\":\"Centre de danse sur Tarbes\",\"publisher\":{\"@id\":\"https:\/\/dans6t.com\/centre-de-danse\/#organization\"},\"potentialAction\":[{\"@type\":\"SearchAction\",\"target\":{\"@type\":\"EntryPoint\",\"urlTemplate\":\"https:\/\/dans6t.com\/centre-de-danse\/?s={search_term_string}\"},\"query-input\":\"required name=search_term_string\"}],\"inLanguage\":\"fr-FR\"},{\"@type\":\"Organization\",\"@id\":\"https:\/\/dans6t.com\/centre-de-danse\/#organization\",\"name\":\"DANS6T\",\"url\":\"https:\/\/dans6t.com\/centre-de-danse\/\",\"logo\":{\"@type\":\"ImageObject\",\"inLanguage\":\"fr-FR\",\"@id\":\"https:\/\/dans6t.com\/centre-de-danse\/#\/schema\/logo\/image\/\",\"url\":\"https:\/\/dans6t.com\/centre-de-danse\/wp-content\/uploads\/2023\/09\/BLANC-ET-6-ROUGE.png\",\"contentUrl\":\"https:\/\/dans6t.com\/centre-de-danse\/wp-content\/uploads\/2023\/09\/BLANC-ET-6-ROUGE.png\",\"width\":5012,\"height\":1014,\"caption\":\"DANS6T\"},\"image\":{\"@id\":\"https:\/\/dans6t.com\/centre-de-danse\/#\/schema\/logo\/image\/\"},\"sameAs\":[\"https:\/\/www.facebook.com\/Dans6tOfficiel\/\",\"https:\/\/www.instagram.com\/dans6t\/\"]}]}<\/script>\n<!-- \/ Yoast SEO plugin. -->","yoast_head_json":{"title":"Les aides - DANS6T","description":"D\u00e9couvrez les aides financi\u00e8res disponibles lors de l'inscription aux cours de danse !","robots":{"index":"index","follow":"follow","max-snippet":"max-snippet:-1","max-image-preview":"max-image-preview:large","max-video-preview":"max-video-preview:-1"},"canonical":"https:\/\/dans6t.com\/centre-de-danse\/les-aides-financieres-cours\/","og_locale":"fr_FR","og_type":"article","og_title":"Les aides - DANS6T","og_description":"D\u00e9couvrez les aides financi\u00e8res disponibles lors de l'inscription aux cours de danse !","og_url":"https:\/\/dans6t.com\/centre-de-danse\/les-aides-financieres-cours\/","og_site_name":"DANS6T","article_publisher":"https:\/\/www.facebook.com\/Dans6tOfficiel\/","article_modified_time":"2025-03-04T14:02:48+00:00","twitter_card":"summary_large_image","twitter_misc":{"Dur\u00e9e de lecture estim\u00e9e":"2 minutes"},"schema":{"@context":"https:\/\/schema.org","@graph":[{"@type":"WebPage","@id":"https:\/\/dans6t.com\/centre-de-danse\/les-aides-financieres-cours\/","url":"https:\/\/dans6t.com\/centre-de-danse\/les-aides-financieres-cours\/","name":"Les aides - DANS6T","isPartOf":{"@id":"https:\/\/dans6t.com\/centre-de-danse\/#website"},"datePublished":"2021-11-04T09:33:24+00:00","dateModified":"2025-03-04T14:02:48+00:00","description":"D\u00e9couvrez les aides financi\u00e8res disponibles lors de l'inscription aux cours de danse !","breadcrumb":{"@id":"https:\/\/dans6t.com\/centre-de-danse\/les-aides-financieres-cours\/#breadcrumb"},"inLanguage":"fr-FR","potentialAction":[{"@type":"ReadAction","target":["https:\/\/dans6t.com\/centre-de-danse\/les-aides-financieres-cours\/"]}]},{"@type":"BreadcrumbList","@id":"https:\/\/dans6t.com\/centre-de-danse\/les-aides-financieres-cours\/#breadcrumb","itemListElement":[{"@type":"ListItem","position":1,"name":"Accueil","item":"https:\/\/dans6t.com\/centre-de-danse\/"},{"@type":"ListItem","position":2,"name":"Les aides"}]},{"@type":"WebSite","@id":"https:\/\/dans6t.com\/centre-de-danse\/#website","url":"https:\/\/dans6t.com\/centre-de-danse\/","name":"DANS6T","description":"Centre de danse sur Tarbes","publisher":{"@id":"https:\/\/dans6t.com\/centre-de-danse\/#organization"},"potentialAction":[{"@type":"SearchAction","target":{"@type":"EntryPoint","urlTemplate":"https:\/\/dans6t.com\/centre-de-danse\/?s={search_term_string}"},"query-input":"required name=search_term_string"}],"inLanguage":"fr-FR"},{"@type":"Organization","@id":"https:\/\/dans6t.com\/centre-de-danse\/#organization","name":"DANS6T","url":"https:\/\/dans6t.com\/centre-de-danse\/","logo":{"@type":"ImageObject","inLanguage":"fr-FR","@id":"https:\/\/dans6t.com\/centre-de-danse\/#\/schema\/logo\/image\/","url":"https:\/\/dans6t.com\/centre-de-danse\/wp-content\/uploads\/2023\/09\/BLANC-ET-6-ROUGE.png","contentUrl":"https:\/\/dans6t.com\/centre-de-danse\/wp-content\/uploads\/2023\/09\/BLANC-ET-6-ROUGE.png","width":5012,"height":1014,"caption":"DANS6T"},"image":{"@id":"https:\/\/dans6t.com\/centre-de-danse\/#\/schema\/logo\/image\/"},"sameAs":["https:\/\/www.facebook.com\/Dans6tOfficiel\/","https:\/\/www.instagram.com\/dans6t\/"]}]}},"_links":{"self":[{"href":"https:\/\/dans6t.com\/centre-de-danse\/wp-json\/wp\/v2\/pages\/770","targetHints":{"allow":["GET"]}}],"collection":[{"href":"https:\/\/dans6t.com\/centre-de-danse\/wp-json\/wp\/v2\/pages"}],"about":[{"href":"https:\/\/dans6t.com\/centre-de-danse\/wp-json\/wp\/v2\/types\/page"}],"author":[{"embeddable":true,"href":"https:\/\/dans6t.com\/centre-de-danse\/wp-json\/wp\/v2\/users\/8"}],"replies":[{"embeddable":true,"href":"https:\/\/dans6t.com\/centre-de-danse\/wp-json\/wp\/v2\/comments?post=770"}],"version-history":[{"count":41,"href":"https:\/\/dans6t.com\/centre-de-danse\/wp-json\/wp\/v2\/pages\/770\/revisions"}],"predecessor-version":[{"id":4820,"href":"https:\/\/dans6t.com\/centre-de-danse\/wp-json\/wp\/v2\/pages\/770\/revisions\/4820"}],"wp:attachment":[{"href":"https:\/\/dans6t.com\/centre-de-danse\/wp-json\/wp\/v2\/media?parent=770"}],"curies":[{"name":"wp","href":"https:\/\/api.w.org\/{rel}","templated":true}]}}