{"id":4459,"date":"2025-02-04T18:56:24","date_gmt":"2025-02-04T17:56:24","guid":{"rendered":"https:\/\/dans6t.com\/centre-de-danse\/?page_id=4459"},"modified":"2025-09-02T14:22:26","modified_gmt":"2025-09-02T12:22:26","slug":"accueil-2","status":"publish","type":"page","link":"https:\/\/dans6t.com\/centre-de-danse\/accueil-2\/","title":{"rendered":"Accueil"},"content":{"rendered":"\t\t<div data-elementor-type=\"wp-page\" data-elementor-id=\"4459\" class=\"elementor elementor-4459\">\n\t\t\t\t\t\t\t\t\t<section class=\"elementor-section elementor-top-section elementor-element elementor-element-c50838b elementor-section-height-full elementor-section-boxed elementor-section-height-default elementor-section-items-middle\" data-id=\"c50838b\" data-element_type=\"section\" data-settings=\"{&quot;background_background&quot;:&quot;video&quot;,&quot;background_video_link&quot;:&quot;https:\\\/\\\/youtu.be\\\/zOGqILeTFx4?si=KvBwajNkoEcMFhwx&quot;,&quot;background_video_start&quot;:0,&quot;background_play_on_mobile&quot;:&quot;yes&quot;,&quot;_ha_eqh_enable&quot;:false}\">\n\t\t\t\t\t\t\t\t<div class=\"elementor-background-video-container\">\n\t\t\t\t\t\t\t\t\t\t\t\t\t<div class=\"elementor-background-video-embed\"><\/div>\n\t\t\t\t\t\t\t\t\t\t\t\t<\/div>\n\t\t\t\t\t\t\t\t\t<div class=\"elementor-background-overlay\"><\/div>\n\t\t\t\t\t\t\t<div class=\"elementor-container elementor-column-gap-default\">\n\t\t\t\t\t<div class=\"elementor-column elementor-col-100 elementor-top-column elementor-element elementor-element-55b0429\" data-id=\"55b0429\" data-element_type=\"column\">\n\t\t\t<div class=\"elementor-widget-wrap elementor-element-populated\">\n\t\t\t\t\t\t\t\t\t<\/div>\n\t\t<\/div>\n\t\t\t\t\t\t\t<\/div>\n\t\t<\/section>\n\t\t\t\t<section class=\"elementor-section elementor-top-section elementor-element elementor-element-6c78106 elementor-section-boxed elementor-section-height-default elementor-section-height-default\" data-id=\"6c78106\" data-element_type=\"section\" data-settings=\"{&quot;_ha_eqh_enable&quot;:false}\">\n\t\t\t\t\t\t<div class=\"elementor-container elementor-column-gap-default\">\n\t\t\t\t\t<div class=\"elementor-column elementor-col-100 elementor-top-column elementor-element elementor-element-b22714a\" data-id=\"b22714a\" data-element_type=\"column\">\n\t\t\t<div class=\"elementor-widget-wrap elementor-element-populated\">\n\t\t\t\t\t\t\t\t<div class=\"elementor-element elementor-element-0ec293e elementor-widget elementor-widget-heading\" data-id=\"0ec293e\" data-element_type=\"widget\" data-widget_type=\"heading.default\">\n\t\t\t\t<div class=\"elementor-widget-container\">\n\t\t\t<style>\/*! elementor - v3.16.0 - 09-10-2023 *\/\n.elementor-heading-title{padding:0;margin:0;line-height:1}.elementor-widget-heading .elementor-heading-title[class*=elementor-size-]>a{color:inherit;font-size:inherit;line-height:inherit}.elementor-widget-heading .elementor-heading-title.elementor-size-small{font-size:15px}.elementor-widget-heading .elementor-heading-title.elementor-size-medium{font-size:19px}.elementor-widget-heading .elementor-heading-title.elementor-size-large{font-size:29px}.elementor-widget-heading .elementor-heading-title.elementor-size-xl{font-size:39px}.elementor-widget-heading .elementor-heading-title.elementor-size-xxl{font-size:59px}<\/style><h1 class=\"elementor-heading-title elementor-size-xxl\"><u>notre histoire<\/u><\/h1>\t\t<\/div>\n\t\t\t\t<\/div>\n\t\t\t\t\t<\/div>\n\t\t<\/div>\n\t\t\t\t\t\t\t<\/div>\n\t\t<\/section>\n\t\t\t\t<section class=\"elementor-section elementor-top-section elementor-element elementor-element-a67b2be elementor-section-boxed elementor-section-height-default elementor-section-height-default\" data-id=\"a67b2be\" data-element_type=\"section\" data-settings=\"{&quot;background_background&quot;:&quot;classic&quot;,&quot;_ha_eqh_enable&quot;:false}\">\n\t\t\t\t\t\t\t<div class=\"elementor-background-overlay\"><\/div>\n\t\t\t\t\t\t\t<div class=\"elementor-container elementor-column-gap-default\">\n\t\t\t\t\t<div class=\"elementor-column elementor-col-50 elementor-top-column elementor-element elementor-element-36a74a4\" data-id=\"36a74a4\" data-element_type=\"column\">\n\t\t\t<div class=\"elementor-widget-wrap elementor-element-populated\">\n\t\t\t\t\t\t\t\t<div class=\"elementor-element elementor-element-903c623 elementor-widget elementor-widget-spacer\" data-id=\"903c623\" data-element_type=\"widget\" data-widget_type=\"spacer.default\">\n\t\t\t\t<div class=\"elementor-widget-container\">\n\t\t\t<style>\/*! elementor - v3.16.0 - 09-10-2023 *\/\n.elementor-column .elementor-spacer-inner{height:var(--spacer-size)}.e-con{--container-widget-width:100%}.e-con-inner>.elementor-widget-spacer,.e-con>.elementor-widget-spacer{width:var(--container-widget-width,var(--spacer-size));--align-self:var(--container-widget-align-self,initial);--flex-shrink:0}.e-con-inner>.elementor-widget-spacer>.elementor-widget-container,.e-con>.elementor-widget-spacer>.elementor-widget-container{height:100%;width:100%}.e-con-inner>.elementor-widget-spacer>.elementor-widget-container>.elementor-spacer,.e-con>.elementor-widget-spacer>.elementor-widget-container>.elementor-spacer{height:100%}.e-con-inner>.elementor-widget-spacer>.elementor-widget-container>.elementor-spacer>.elementor-spacer-inner,.e-con>.elementor-widget-spacer>.elementor-widget-container>.elementor-spacer>.elementor-spacer-inner{height:var(--container-widget-height,var(--spacer-size))}.e-con-inner>.elementor-widget-spacer.elementor-widget-empty,.e-con>.elementor-widget-spacer.elementor-widget-empty{position:relative;min-height:22px;min-width:22px}.e-con-inner>.elementor-widget-spacer.elementor-widget-empty .elementor-widget-empty-icon,.e-con>.elementor-widget-spacer.elementor-widget-empty .elementor-widget-empty-icon{position:absolute;top:0;bottom:0;left:0;right:0;margin:auto;padding:0;width:22px;height:22px}<\/style>\t\t<div class=\"elementor-spacer\">\n\t\t\t<div class=\"elementor-spacer-inner\"><\/div>\n\t\t<\/div>\n\t\t\t\t<\/div>\n\t\t\t\t<\/div>\n\t\t\t\t<div class=\"elementor-element elementor-element-11a39e9 elementor-widget elementor-widget-text-editor\" data-id=\"11a39e9\" data-element_type=\"widget\" data-widget_type=\"text-editor.default\">\n\t\t\t\t<div class=\"elementor-widget-container\">\n\t\t\t<style>\/*! elementor - v3.16.0 - 09-10-2023 *\/\n.elementor-widget-text-editor.elementor-drop-cap-view-stacked .elementor-drop-cap{background-color:#69727d;color:#fff}.elementor-widget-text-editor.elementor-drop-cap-view-framed .elementor-drop-cap{color:#69727d;border:3px solid;background-color:transparent}.elementor-widget-text-editor:not(.elementor-drop-cap-view-default) .elementor-drop-cap{margin-top:8px}.elementor-widget-text-editor:not(.elementor-drop-cap-view-default) .elementor-drop-cap-letter{width:1em;height:1em}.elementor-widget-text-editor .elementor-drop-cap{float:left;text-align:center;line-height:1;font-size:50px}.elementor-widget-text-editor .elementor-drop-cap-letter{display:inline-block}<\/style>\t\t\t\t<p>L\u2019association a vu le jour en\u00a0 <b>2001<\/b>\u00a0 gr\u00e2ce \u00e0 un petit groupe de jeunes originaires de Tarbes.<\/p><p>Structur\u00e9e autour des <b><u>trois axes<\/u><\/b> :\u00a0<b><i>cr\u00e9ation chor\u00e9graphique,\u00a0 cours de danse et action sociale<\/i><\/b>,\u00a0 elle favorise et promeut la mixit\u00e9 sociale et interg\u00e9n\u00e9rationnelle par la pratique de la danse, vecteur d\u2019expression artistique et corporelle.\u00a0<\/p><p>Elle s\u2019int\u00e9resse aussi \u00e0 l\u2019int\u00e9gration sociale des publics, en appliquant une politique tarifaire accessible \u00e0 tous, et en proposant, dans un espace commun, des <i><b>cours adapt\u00e9s \u00e0 diff\u00e9rents \u00e2ges<\/b><\/i>.\u00a0 Le travail de terrain men\u00e9 tout au long de l\u2019ann\u00e9e dans les coll\u00e8ges, les lyc\u00e9es, les quartiers prioritaires de la ville ainsi que dans les communes rurales de la r\u00e9gion, permet de toucher un public large et \u00e9clectique ; ainsi l\u2019acc\u00e8s \u00e0 la culture et \u00e0 la pratique sportive est g\u00e9n\u00e9ralis\u00e9.<\/p><p>L\u2019exp\u00e9rience et les succ\u00e8s de Dans6T lui ont permis de mettre en place, au fil des ann\u00e9es, des dispositifs de m\u00e9diation entre diff\u00e9rents partenaires en prenant appui sur la culture Hip-hop ; concr\u00e8tement cela se traduit par des espaces dynamiques d\u2019accompagnement \u00e0 l\u2019insertion professionnelle des jeunes et des lieux d\u2019\u00e9changes interg\u00e9n\u00e9rationnels qui suscitent de nouvelles vocations.<\/p>\t\t\t\t\t\t<\/div>\n\t\t\t\t<\/div>\n\t\t\t\t<div class=\"elementor-element elementor-element-d708185 elementor-widget elementor-widget-spacer\" data-id=\"d708185\" data-element_type=\"widget\" data-widget_type=\"spacer.default\">\n\t\t\t\t<div class=\"elementor-widget-container\">\n\t\t\t\t\t<div class=\"elementor-spacer\">\n\t\t\t<div class=\"elementor-spacer-inner\"><\/div>\n\t\t<\/div>\n\t\t\t\t<\/div>\n\t\t\t\t<\/div>\n\t\t\t\t\t<\/div>\n\t\t<\/div>\n\t\t\t\t<div class=\"elementor-column elementor-col-50 elementor-top-column elementor-element elementor-element-e26c2ac\" data-id=\"e26c2ac\" data-element_type=\"column\">\n\t\t\t<div class=\"elementor-widget-wrap elementor-element-populated\">\n\t\t\t\t\t\t\t\t<div class=\"elementor-element elementor-element-0102b53 elementor-widget elementor-widget-spacer\" data-id=\"0102b53\" data-element_type=\"widget\" data-widget_type=\"spacer.default\">\n\t\t\t\t<div class=\"elementor-widget-container\">\n\t\t\t\t\t<div class=\"elementor-spacer\">\n\t\t\t<div class=\"elementor-spacer-inner\"><\/div>\n\t\t<\/div>\n\t\t\t\t<\/div>\n\t\t\t\t<\/div>\n\t\t\t\t<div class=\"elementor-element elementor-element-f8fcb74 elementor-widget elementor-widget-text-editor\" data-id=\"f8fcb74\" data-element_type=\"widget\" data-widget_type=\"text-editor.default\">\n\t\t\t\t<div class=\"elementor-widget-container\">\n\t\t\t\t\t\t\t<p>Au travers de\u00a0\u00a0<b><i>spectacles<\/i> <i>et d\u2019ateliers chor\u00e9graphiques<\/i><\/b>\u00a0 r\u00e9guliers ou occasionnels, la Compagnie Dans6T contribue au d\u00e9veloppement de la culture sur le territoire des Pyr\u00e9n\u00e9es et rayonne sur la sc\u00e8ne nationale et internationale.\u00a0<\/p><p>Plus de 10 salari\u00e9s d\u00e9pendent des cr\u00e9ations de la Compagnie qui sont le fer de lance de l\u2019association. Elle donne aux jeunes artistes en formation l\u2019inspiration et l\u2019aspiration \u00e0 r\u00e9aliser leurs r\u00eaves \u00e0 l\u2019image des premiers danseurs professionnels issus des quartiers prioritaires de l\u2019agglom\u00e9ration tarbaise \u00e0 l\u2019origine de cette aventure.<\/p><p>Notre structure se compose d\u2019un accueil convivial, de trois salles de danse, d\u2019un bureau spacieux qui permet, outre le travail des administrateurs, la tenue de conf\u00e9rences et autres r\u00e9ceptions !<\/p><p>L\u2019association est\u00a0\u00a0<i><b>ouverte tous les jours<\/b><\/i>\u00a0 de la semaine pour des r\u00e9p\u00e9titions ou pour des entrainements de professeur(e)s ou d\u2019adh\u00e9rent(e)s par exemple et des permanences sont assur\u00e9es pendant les cong\u00e9s de sorte que les locaux sont accessibles pratiquement toute l\u2019ann\u00e9e.<\/p>\t\t\t\t\t\t<\/div>\n\t\t\t\t<\/div>\n\t\t\t\t\t<\/div>\n\t\t<\/div>\n\t\t\t\t\t\t\t<\/div>\n\t\t<\/section>\n\t\t\t\t<section class=\"elementor-section elementor-top-section elementor-element elementor-element-2b8b755 elementor-section-boxed elementor-section-height-default elementor-section-height-default\" data-id=\"2b8b755\" data-element_type=\"section\" data-settings=\"{&quot;_ha_eqh_enable&quot;:false}\">\n\t\t\t\t\t\t<div class=\"elementor-container elementor-column-gap-default\">\n\t\t\t\t\t<div class=\"elementor-column elementor-col-100 elementor-top-column elementor-element elementor-element-5b3b13d\" data-id=\"5b3b13d\" data-element_type=\"column\">\n\t\t\t<div class=\"elementor-widget-wrap elementor-element-populated\">\n\t\t\t\t\t\t\t\t<div class=\"elementor-element elementor-element-7bca521 elementor-widget elementor-widget-heading\" data-id=\"7bca521\" data-element_type=\"widget\" data-widget_type=\"heading.default\">\n\t\t\t\t<div class=\"elementor-widget-container\">\n\t\t\t<h1 class=\"elementor-heading-title elementor-size-xxl\"><u>nos \u00e9v\u00e9nements \u00e0 venir<\/u><\/h1>\t\t<\/div>\n\t\t\t\t<\/div>\n\t\t\t\t\t<\/div>\n\t\t<\/div>\n\t\t\t\t\t\t\t<\/div>\n\t\t<\/section>\n\t\t\t\t<section class=\"elementor-section elementor-top-section elementor-element elementor-element-9820ecf elementor-section-full_width elementor-section-height-default elementor-section-height-default\" data-id=\"9820ecf\" data-element_type=\"section\" data-settings=\"{&quot;background_background&quot;:&quot;classic&quot;,&quot;_ha_eqh_enable&quot;:false}\">\n\t\t\t\t\t\t<div class=\"elementor-container elementor-column-gap-default\">\n\t\t\t\t\t<div class=\"elementor-column elementor-col-100 elementor-top-column elementor-element elementor-element-94ac201\" data-id=\"94ac201\" data-element_type=\"column\">\n\t\t\t<div class=\"elementor-widget-wrap elementor-element-populated\">\n\t\t\t\t\t\t\t\t<div class=\"elementor-element elementor-element-002dc96 elementor-widget elementor-widget-spacer\" data-id=\"002dc96\" data-element_type=\"widget\" data-widget_type=\"spacer.default\">\n\t\t\t\t<div class=\"elementor-widget-container\">\n\t\t\t\t\t<div class=\"elementor-spacer\">\n\t\t\t<div class=\"elementor-spacer-inner\"><\/div>\n\t\t<\/div>\n\t\t\t\t<\/div>\n\t\t\t\t<\/div>\n\t\t\t\t<div class=\"elementor-element elementor-element-9bc070a elementor-widget elementor-widget-heading\" data-id=\"9bc070a\" data-element_type=\"widget\" data-widget_type=\"heading.default\">\n\t\t\t\t<div class=\"elementor-widget-container\">\n\t\t\t<h2 class=\"elementor-heading-title elementor-size-default\">nouveaut\u00e9 - stages de remise en forme sp\u00e9cial rentr\u00e9e<\/h2>\t\t<\/div>\n\t\t\t\t<\/div>\n\t\t\t\t<div class=\"elementor-element elementor-element-4b0fc99 elementor-widget elementor-widget-spacer\" data-id=\"4b0fc99\" data-element_type=\"widget\" data-widget_type=\"spacer.default\">\n\t\t\t\t<div class=\"elementor-widget-container\">\n\t\t\t\t\t<div class=\"elementor-spacer\">\n\t\t\t<div class=\"elementor-spacer-inner\"><\/div>\n\t\t<\/div>\n\t\t\t\t<\/div>\n\t\t\t\t<\/div>\n\t\t\t\t<div class=\"elementor-element elementor-element-e5825a9 elementor-widget elementor-widget-image\" data-id=\"e5825a9\" data-element_type=\"widget\" data-widget_type=\"image.default\">\n\t\t\t\t<div class=\"elementor-widget-container\">\n\t\t\t<style>\/*! elementor - v3.16.0 - 09-10-2023 *\/\n.elementor-widget-image{text-align:center}.elementor-widget-image a{display:inline-block}.elementor-widget-image a img[src$=\".svg\"]{width:48px}.elementor-widget-image img{vertical-align:middle;display:inline-block}<\/style>\t\t\t\t\t\t\t\t\t\t\t\t<img loading=\"lazy\" decoding=\"async\" width=\"767\" height=\"1024\" src=\"https:\/\/dans6t.com\/centre-de-danse\/wp-content\/uploads\/2025\/07\/AOut-e1753690632786-767x1024.jpg\" class=\"attachment-large size-large wp-image-5228\" alt=\"\" srcset=\"https:\/\/dans6t.com\/centre-de-danse\/wp-content\/uploads\/2025\/07\/AOut-e1753690632786-767x1024.jpg 767w, https:\/\/dans6t.com\/centre-de-danse\/wp-content\/uploads\/2025\/07\/AOut-e1753690632786-225x300.jpg 225w, https:\/\/dans6t.com\/centre-de-danse\/wp-content\/uploads\/2025\/07\/AOut-e1753690632786-768x1025.jpg 768w, https:\/\/dans6t.com\/centre-de-danse\/wp-content\/uploads\/2025\/07\/AOut-e1753690632786-1151x1536.jpg 1151w, https:\/\/dans6t.com\/centre-de-danse\/wp-content\/uploads\/2025\/07\/AOut-e1753690632786-1534x2048.jpg 1534w, https:\/\/dans6t.com\/centre-de-danse\/wp-content\/uploads\/2025\/07\/AOut-e1753690632786.jpg 1564w\" sizes=\"auto, (max-width: 767px) 100vw, 767px\" \/>\t\t\t\t\t\t\t\t\t\t\t\t\t\t\t<\/div>\n\t\t\t\t<\/div>\n\t\t\t\t<div class=\"elementor-element elementor-element-8734ef9 elementor-widget elementor-widget-spacer\" data-id=\"8734ef9\" data-element_type=\"widget\" data-widget_type=\"spacer.default\">\n\t\t\t\t<div class=\"elementor-widget-container\">\n\t\t\t\t\t<div class=\"elementor-spacer\">\n\t\t\t<div class=\"elementor-spacer-inner\"><\/div>\n\t\t<\/div>\n\t\t\t\t<\/div>\n\t\t\t\t<\/div>\n\t\t\t\t\t<\/div>\n\t\t<\/div>\n\t\t\t\t\t\t\t<\/div>\n\t\t<\/section>\n\t\t\t\t<section class=\"elementor-section elementor-top-section elementor-element elementor-element-24d1bb6 elementor-section-boxed elementor-section-height-default elementor-section-height-default\" data-id=\"24d1bb6\" data-element_type=\"section\" data-settings=\"{&quot;_ha_eqh_enable&quot;:false}\">\n\t\t\t\t\t\t<div class=\"elementor-container elementor-column-gap-default\">\n\t\t\t\t\t<div class=\"elementor-column elementor-col-100 elementor-top-column elementor-element elementor-element-562e0f5\" data-id=\"562e0f5\" data-element_type=\"column\">\n\t\t\t<div class=\"elementor-widget-wrap elementor-element-populated\">\n\t\t\t\t\t\t\t\t<div class=\"elementor-element elementor-element-f41c5d0 elementor-widget elementor-widget-heading\" data-id=\"f41c5d0\" data-element_type=\"widget\" data-widget_type=\"heading.default\">\n\t\t\t\t<div class=\"elementor-widget-container\">\n\t\t\t<h1 class=\"elementor-heading-title elementor-size-xxl\"><u>la saison prochaine,<\/u><br><u> dans6t fait sa rentr\u00e9e sur 3 s\u00eetes !<\/u><br><br>Tarbes - pau - marseille<\/h1>\t\t<\/div>\n\t\t\t\t<\/div>\n\t\t\t\t\t<\/div>\n\t\t<\/div>\n\t\t\t\t\t\t\t<\/div>\n\t\t<\/section>\n\t\t\t\t\t\t\t<\/div>\n\t\t","protected":false},"excerpt":{"rendered":"<p>notre histoire L\u2019association a vu le jour en\u00a0 2001\u00a0 gr\u00e2ce \u00e0 un petit groupe de jeunes originaires de Tarbes. Structur\u00e9e autour des trois axes :\u00a0cr\u00e9ation chor\u00e9graphique,\u00a0 cours de danse et action sociale,\u00a0 elle favorise et promeut la mixit\u00e9 sociale et interg\u00e9n\u00e9rationnelle par la pratique de la danse, vecteur d\u2019expression artistique et corporelle.\u00a0 Elle s\u2019int\u00e9resse aussi &hellip;<\/p>\n<p class=\"read-more\"> <a class=\"\" href=\"https:\/\/dans6t.com\/centre-de-danse\/accueil-2\/\"> <span class=\"screen-reader-text\">Accueil<\/span> Lire la suite\u00a0\u00bb<\/a><\/p>\n","protected":false},"author":8,"featured_media":0,"parent":0,"menu_order":0,"comment_status":"closed","ping_status":"closed","template":"","meta":{"site-sidebar-layout":"no-sidebar","site-content-layout":"page-builder","ast-site-content-layout":"full-width-container","site-content-style":"unboxed","site-sidebar-style":"unboxed","ast-global-header-display":"","ast-banner-title-visibility":"","ast-main-header-display":"","ast-hfb-above-header-display":"","ast-hfb-below-header-display":"","ast-hfb-mobile-header-display":"","site-post-title":"disabled","ast-breadcrumbs-content":"","ast-featured-img":"disabled","footer-sml-layout":"","theme-transparent-header-meta":"enabled","adv-header-id-meta":"","stick-header-meta":"","header-above-stick-meta":"","header-main-stick-meta":"","header-below-stick-meta":"","astra-migrate-meta-layouts":"set","_ti_tpc_template_sync":false,"_ti_tpc_template_id":"","footnotes":""},"class_list":["post-4459","page","type-page","status-publish","hentry"],"yoast_head":"<!-- This site is optimized with the Yoast SEO plugin v21.3 - https:\/\/yoast.com\/wordpress\/plugins\/seo\/ -->\n<title>Accueil - DANS6T<\/title>\n<meta name=\"description\" content=\"Hip-Hop, Break, Dancehall, Afro Fusion, SBK, Pole dance et plein d&#039;autre ! Premier cours d&#039;essai offert\" \/>\n<meta name=\"robots\" content=\"index, follow, max-snippet:-1, max-image-preview:large, max-video-preview:-1\" \/>\n<link rel=\"canonical\" href=\"https:\/\/dans6t.com\/centre-de-danse\/accueil-2\/\" \/>\n<meta property=\"og:locale\" content=\"fr_FR\" \/>\n<meta property=\"og:type\" content=\"article\" \/>\n<meta property=\"og:title\" content=\"Accueil - DANS6T\" \/>\n<meta property=\"og:description\" content=\"Hip-Hop, Break, Dancehall, Afro Fusion, SBK, Pole dance et plein d&#039;autre ! Premier cours d&#039;essai offert\" \/>\n<meta property=\"og:url\" content=\"https:\/\/dans6t.com\/centre-de-danse\/accueil-2\/\" \/>\n<meta property=\"og:site_name\" content=\"DANS6T\" \/>\n<meta property=\"article:publisher\" content=\"https:\/\/www.facebook.com\/Dans6tOfficiel\/\" \/>\n<meta property=\"article:modified_time\" content=\"2025-09-02T12:22:26+00:00\" \/>\n<meta property=\"og:image\" content=\"https:\/\/dans6t.com\/centre-de-danse\/wp-content\/uploads\/2025\/07\/AOut-e1753690632786-767x1024.jpg\" \/>\n<meta name=\"twitter:card\" content=\"summary_large_image\" \/>\n<meta name=\"twitter:label1\" content=\"Dur\u00e9e de lecture estim\u00e9e\" \/>\n\t<meta name=\"twitter:data1\" content=\"3 minutes\" \/>\n<script type=\"application\/ld+json\" class=\"yoast-schema-graph\">{\"@context\":\"https:\/\/schema.org\",\"@graph\":[{\"@type\":\"WebPage\",\"@id\":\"https:\/\/dans6t.com\/centre-de-danse\/accueil-2\/\",\"url\":\"https:\/\/dans6t.com\/centre-de-danse\/accueil-2\/\",\"name\":\"Accueil - DANS6T\",\"isPartOf\":{\"@id\":\"https:\/\/dans6t.com\/centre-de-danse\/#website\"},\"datePublished\":\"2025-02-04T17:56:24+00:00\",\"dateModified\":\"2025-09-02T12:22:26+00:00\",\"description\":\"Hip-Hop, Break, Dancehall, Afro Fusion, SBK, Pole dance et plein d'autre ! Premier cours d'essai offert\",\"breadcrumb\":{\"@id\":\"https:\/\/dans6t.com\/centre-de-danse\/accueil-2\/#breadcrumb\"},\"inLanguage\":\"fr-FR\",\"potentialAction\":[{\"@type\":\"ReadAction\",\"target\":[\"https:\/\/dans6t.com\/centre-de-danse\/accueil-2\/\"]}]},{\"@type\":\"BreadcrumbList\",\"@id\":\"https:\/\/dans6t.com\/centre-de-danse\/accueil-2\/#breadcrumb\",\"itemListElement\":[{\"@type\":\"ListItem\",\"position\":1,\"name\":\"Accueil\",\"item\":\"https:\/\/dans6t.com\/centre-de-danse\/\"},{\"@type\":\"ListItem\",\"position\":2,\"name\":\"Accueil\"}]},{\"@type\":\"WebSite\",\"@id\":\"https:\/\/dans6t.com\/centre-de-danse\/#website\",\"url\":\"https:\/\/dans6t.com\/centre-de-danse\/\",\"name\":\"DANS6T\",\"description\":\"Centre de danse sur Tarbes\",\"publisher\":{\"@id\":\"https:\/\/dans6t.com\/centre-de-danse\/#organization\"},\"potentialAction\":[{\"@type\":\"SearchAction\",\"target\":{\"@type\":\"EntryPoint\",\"urlTemplate\":\"https:\/\/dans6t.com\/centre-de-danse\/?s={search_term_string}\"},\"query-input\":\"required name=search_term_string\"}],\"inLanguage\":\"fr-FR\"},{\"@type\":\"Organization\",\"@id\":\"https:\/\/dans6t.com\/centre-de-danse\/#organization\",\"name\":\"DANS6T\",\"url\":\"https:\/\/dans6t.com\/centre-de-danse\/\",\"logo\":{\"@type\":\"ImageObject\",\"inLanguage\":\"fr-FR\",\"@id\":\"https:\/\/dans6t.com\/centre-de-danse\/#\/schema\/logo\/image\/\",\"url\":\"https:\/\/dans6t.com\/centre-de-danse\/wp-content\/uploads\/2023\/09\/BLANC-ET-6-ROUGE.png\",\"contentUrl\":\"https:\/\/dans6t.com\/centre-de-danse\/wp-content\/uploads\/2023\/09\/BLANC-ET-6-ROUGE.png\",\"width\":5012,\"height\":1014,\"caption\":\"DANS6T\"},\"image\":{\"@id\":\"https:\/\/dans6t.com\/centre-de-danse\/#\/schema\/logo\/image\/\"},\"sameAs\":[\"https:\/\/www.facebook.com\/Dans6tOfficiel\/\",\"https:\/\/www.instagram.com\/dans6t\/\"]}]}<\/script>\n<!-- \/ Yoast SEO plugin. -->","yoast_head_json":{"title":"Accueil - DANS6T","description":"Hip-Hop, Break, Dancehall, Afro Fusion, SBK, Pole dance et plein d'autre ! Premier cours d'essai offert","robots":{"index":"index","follow":"follow","max-snippet":"max-snippet:-1","max-image-preview":"max-image-preview:large","max-video-preview":"max-video-preview:-1"},"canonical":"https:\/\/dans6t.com\/centre-de-danse\/accueil-2\/","og_locale":"fr_FR","og_type":"article","og_title":"Accueil - DANS6T","og_description":"Hip-Hop, Break, Dancehall, Afro Fusion, SBK, Pole dance et plein d'autre ! Premier cours d'essai offert","og_url":"https:\/\/dans6t.com\/centre-de-danse\/accueil-2\/","og_site_name":"DANS6T","article_publisher":"https:\/\/www.facebook.com\/Dans6tOfficiel\/","article_modified_time":"2025-09-02T12:22:26+00:00","og_image":[{"url":"https:\/\/dans6t.com\/centre-de-danse\/wp-content\/uploads\/2025\/07\/AOut-e1753690632786-767x1024.jpg"}],"twitter_card":"summary_large_image","twitter_misc":{"Dur\u00e9e de lecture estim\u00e9e":"3 minutes"},"schema":{"@context":"https:\/\/schema.org","@graph":[{"@type":"WebPage","@id":"https:\/\/dans6t.com\/centre-de-danse\/accueil-2\/","url":"https:\/\/dans6t.com\/centre-de-danse\/accueil-2\/","name":"Accueil - DANS6T","isPartOf":{"@id":"https:\/\/dans6t.com\/centre-de-danse\/#website"},"datePublished":"2025-02-04T17:56:24+00:00","dateModified":"2025-09-02T12:22:26+00:00","description":"Hip-Hop, Break, Dancehall, Afro Fusion, SBK, Pole dance et plein d'autre ! Premier cours d'essai offert","breadcrumb":{"@id":"https:\/\/dans6t.com\/centre-de-danse\/accueil-2\/#breadcrumb"},"inLanguage":"fr-FR","potentialAction":[{"@type":"ReadAction","target":["https:\/\/dans6t.com\/centre-de-danse\/accueil-2\/"]}]},{"@type":"BreadcrumbList","@id":"https:\/\/dans6t.com\/centre-de-danse\/accueil-2\/#breadcrumb","itemListElement":[{"@type":"ListItem","position":1,"name":"Accueil","item":"https:\/\/dans6t.com\/centre-de-danse\/"},{"@type":"ListItem","position":2,"name":"Accueil"}]},{"@type":"WebSite","@id":"https:\/\/dans6t.com\/centre-de-danse\/#website","url":"https:\/\/dans6t.com\/centre-de-danse\/","name":"DANS6T","description":"Centre de danse sur Tarbes","publisher":{"@id":"https:\/\/dans6t.com\/centre-de-danse\/#organization"},"potentialAction":[{"@type":"SearchAction","target":{"@type":"EntryPoint","urlTemplate":"https:\/\/dans6t.com\/centre-de-danse\/?s={search_term_string}"},"query-input":"required name=search_term_string"}],"inLanguage":"fr-FR"},{"@type":"Organization","@id":"https:\/\/dans6t.com\/centre-de-danse\/#organization","name":"DANS6T","url":"https:\/\/dans6t.com\/centre-de-danse\/","logo":{"@type":"ImageObject","inLanguage":"fr-FR","@id":"https:\/\/dans6t.com\/centre-de-danse\/#\/schema\/logo\/image\/","url":"https:\/\/dans6t.com\/centre-de-danse\/wp-content\/uploads\/2023\/09\/BLANC-ET-6-ROUGE.png","contentUrl":"https:\/\/dans6t.com\/centre-de-danse\/wp-content\/uploads\/2023\/09\/BLANC-ET-6-ROUGE.png","width":5012,"height":1014,"caption":"DANS6T"},"image":{"@id":"https:\/\/dans6t.com\/centre-de-danse\/#\/schema\/logo\/image\/"},"sameAs":["https:\/\/www.facebook.com\/Dans6tOfficiel\/","https:\/\/www.instagram.com\/dans6t\/"]}]}},"_links":{"self":[{"href":"https:\/\/dans6t.com\/centre-de-danse\/wp-json\/wp\/v2\/pages\/4459","targetHints":{"allow":["GET"]}}],"collection":[{"href":"https:\/\/dans6t.com\/centre-de-danse\/wp-json\/wp\/v2\/pages"}],"about":[{"href":"https:\/\/dans6t.com\/centre-de-danse\/wp-json\/wp\/v2\/types\/page"}],"author":[{"embeddable":true,"href":"https:\/\/dans6t.com\/centre-de-danse\/wp-json\/wp\/v2\/users\/8"}],"replies":[{"embeddable":true,"href":"https:\/\/dans6t.com\/centre-de-danse\/wp-json\/wp\/v2\/comments?post=4459"}],"version-history":[{"count":53,"href":"https:\/\/dans6t.com\/centre-de-danse\/wp-json\/wp\/v2\/pages\/4459\/revisions"}],"predecessor-version":[{"id":5235,"href":"https:\/\/dans6t.com\/centre-de-danse\/wp-json\/wp\/v2\/pages\/4459\/revisions\/5235"}],"wp:attachment":[{"href":"https:\/\/dans6t.com\/centre-de-danse\/wp-json\/wp\/v2\/media?parent=4459"}],"curies":[{"name":"wp","href":"https:\/\/api.w.org\/{rel}","templated":true}]}}