{"id":4112,"date":"2024-08-24T17:30:18","date_gmt":"2024-08-24T15:30:18","guid":{"rendered":"https:\/\/dans6t.com\/centre-de-danse\/?page_id=4112"},"modified":"2025-03-04T18:21:54","modified_gmt":"2025-03-04T17:21:54","slug":"inscriptions-cours-pau","status":"publish","type":"page","link":"https:\/\/dans6t.com\/centre-de-danse\/inscriptions-cours-pau\/","title":{"rendered":"Inscriptions pour pau"},"content":{"rendered":"\t\t<div data-elementor-type=\"wp-post\" data-elementor-id=\"4112\" class=\"elementor elementor-4112\">\n\t\t\t\t\t\t\t\t\t<section class=\"elementor-section elementor-top-section elementor-element elementor-element-d7d8b56 elementor-section-boxed elementor-section-height-default elementor-section-height-default\" data-id=\"d7d8b56\" data-element_type=\"section\" data-settings=\"{&quot;background_background&quot;:&quot;classic&quot;,&quot;_ha_eqh_enable&quot;:false}\">\n\t\t\t\t\t\t\t<div class=\"elementor-background-overlay\"><\/div>\n\t\t\t\t\t\t\t<div class=\"elementor-container elementor-column-gap-default\">\n\t\t\t\t\t<div class=\"elementor-column elementor-col-100 elementor-top-column elementor-element elementor-element-fd69444\" data-id=\"fd69444\" data-element_type=\"column\">\n\t\t\t<div class=\"elementor-widget-wrap elementor-element-populated\">\n\t\t\t\t\t\t\t\t<div class=\"elementor-element elementor-element-b53c451 elementor-widget elementor-widget-heading\" data-id=\"b53c451\" data-element_type=\"widget\" data-widget_type=\"heading.default\">\n\t\t\t\t<div class=\"elementor-widget-container\">\n\t\t\t<style>\/*! elementor - v3.16.0 - 09-10-2023 *\/\n.elementor-heading-title{padding:0;margin:0;line-height:1}.elementor-widget-heading .elementor-heading-title[class*=elementor-size-]>a{color:inherit;font-size:inherit;line-height:inherit}.elementor-widget-heading .elementor-heading-title.elementor-size-small{font-size:15px}.elementor-widget-heading .elementor-heading-title.elementor-size-medium{font-size:19px}.elementor-widget-heading .elementor-heading-title.elementor-size-large{font-size:29px}.elementor-widget-heading .elementor-heading-title.elementor-size-xl{font-size:39px}.elementor-widget-heading .elementor-heading-title.elementor-size-xxl{font-size:59px}<\/style><h1 class=\"elementor-heading-title elementor-size-xxl\"><u>fiche d'inscription - pau<\/u><\/h1>\t\t<\/div>\n\t\t\t\t<\/div>\n\t\t\t\t<div class=\"elementor-element elementor-element-63e5ce0 elementor-widget-divider--view-line elementor-widget elementor-widget-divider\" data-id=\"63e5ce0\" data-element_type=\"widget\" data-widget_type=\"divider.default\">\n\t\t\t\t<div class=\"elementor-widget-container\">\n\t\t\t<style>\/*! elementor - v3.16.0 - 09-10-2023 *\/\n.elementor-widget-divider{--divider-border-style:none;--divider-border-width:1px;--divider-color:#0c0d0e;--divider-icon-size:20px;--divider-element-spacing:10px;--divider-pattern-height:24px;--divider-pattern-size:20px;--divider-pattern-url:none;--divider-pattern-repeat:repeat-x}.elementor-widget-divider .elementor-divider{display:flex}.elementor-widget-divider .elementor-divider__text{font-size:15px;line-height:1;max-width:95%}.elementor-widget-divider .elementor-divider__element{margin:0 var(--divider-element-spacing);flex-shrink:0}.elementor-widget-divider .elementor-icon{font-size:var(--divider-icon-size)}.elementor-widget-divider .elementor-divider-separator{display:flex;margin:0;direction:ltr}.elementor-widget-divider--view-line_icon .elementor-divider-separator,.elementor-widget-divider--view-line_text .elementor-divider-separator{align-items:center}.elementor-widget-divider--view-line_icon .elementor-divider-separator:after,.elementor-widget-divider--view-line_icon .elementor-divider-separator:before,.elementor-widget-divider--view-line_text .elementor-divider-separator:after,.elementor-widget-divider--view-line_text .elementor-divider-separator:before{display:block;content:\"\";border-bottom:0;flex-grow:1;border-top:var(--divider-border-width) var(--divider-border-style) var(--divider-color)}.elementor-widget-divider--element-align-left .elementor-divider .elementor-divider-separator>.elementor-divider__svg:first-of-type{flex-grow:0;flex-shrink:100}.elementor-widget-divider--element-align-left .elementor-divider-separator:before{content:none}.elementor-widget-divider--element-align-left .elementor-divider__element{margin-left:0}.elementor-widget-divider--element-align-right .elementor-divider .elementor-divider-separator>.elementor-divider__svg:last-of-type{flex-grow:0;flex-shrink:100}.elementor-widget-divider--element-align-right .elementor-divider-separator:after{content:none}.elementor-widget-divider--element-align-right .elementor-divider__element{margin-right:0}.elementor-widget-divider:not(.elementor-widget-divider--view-line_text):not(.elementor-widget-divider--view-line_icon) .elementor-divider-separator{border-top:var(--divider-border-width) var(--divider-border-style) var(--divider-color)}.elementor-widget-divider--separator-type-pattern{--divider-border-style:none}.elementor-widget-divider--separator-type-pattern.elementor-widget-divider--view-line .elementor-divider-separator,.elementor-widget-divider--separator-type-pattern:not(.elementor-widget-divider--view-line) .elementor-divider-separator:after,.elementor-widget-divider--separator-type-pattern:not(.elementor-widget-divider--view-line) .elementor-divider-separator:before,.elementor-widget-divider--separator-type-pattern:not([class*=elementor-widget-divider--view]) .elementor-divider-separator{width:100%;min-height:var(--divider-pattern-height);-webkit-mask-size:var(--divider-pattern-size) 100%;mask-size:var(--divider-pattern-size) 100%;-webkit-mask-repeat:var(--divider-pattern-repeat);mask-repeat:var(--divider-pattern-repeat);background-color:var(--divider-color);-webkit-mask-image:var(--divider-pattern-url);mask-image:var(--divider-pattern-url)}.elementor-widget-divider--no-spacing{--divider-pattern-size:auto}.elementor-widget-divider--bg-round{--divider-pattern-repeat:round}.rtl .elementor-widget-divider .elementor-divider__text{direction:rtl}.e-con-inner>.elementor-widget-divider,.e-con>.elementor-widget-divider{width:var(--container-widget-width,100%);--flex-grow:var(--container-widget-flex-grow)}<\/style>\t\t<div class=\"elementor-divider\">\n\t\t\t<span class=\"elementor-divider-separator\">\n\t\t\t\t\t\t<\/span>\n\t\t<\/div>\n\t\t\t\t<\/div>\n\t\t\t\t<\/div>\n\t\t\t\t<div class=\"elementor-element elementor-element-120649b elementor-widget elementor-widget-heading\" data-id=\"120649b\" data-element_type=\"widget\" data-widget_type=\"heading.default\">\n\t\t\t\t<div class=\"elementor-widget-container\">\n\t\t\t<h1 class=\"elementor-heading-title elementor-size-default\"><i>saison 2024 - 2025<\/i><\/h1>\t\t<\/div>\n\t\t\t\t<\/div>\n\t\t\t\t\t<\/div>\n\t\t<\/div>\n\t\t\t\t\t\t\t<\/div>\n\t\t<\/section>\n\t\t\t\t<section class=\"elementor-section elementor-top-section elementor-element elementor-element-a423ba7 elementor-section-boxed elementor-section-height-default elementor-section-height-default\" data-id=\"a423ba7\" data-element_type=\"section\" data-settings=\"{&quot;_ha_eqh_enable&quot;:false}\">\n\t\t\t\t\t\t<div class=\"elementor-container elementor-column-gap-default\">\n\t\t\t\t\t<div class=\"elementor-column elementor-col-100 elementor-top-column elementor-element elementor-element-ac7a6ac\" data-id=\"ac7a6ac\" data-element_type=\"column\">\n\t\t\t<div class=\"elementor-widget-wrap elementor-element-populated\">\n\t\t\t\t\t\t\t\t<div class=\"elementor-element elementor-element-43204af elementor-widget elementor-widget-heading\" data-id=\"43204af\" data-element_type=\"widget\" data-widget_type=\"heading.default\">\n\t\t\t\t<div class=\"elementor-widget-container\">\n\t\t\t<h2 class=\"elementor-heading-title elementor-size-default\">Fiche d'inscription<\/h2>\t\t<\/div>\n\t\t\t\t<\/div>\n\t\t\t\t<div class=\"elementor-element elementor-element-1cff9f1 elementor-widget-divider--view-line elementor-widget elementor-widget-divider\" data-id=\"1cff9f1\" data-element_type=\"widget\" data-widget_type=\"divider.default\">\n\t\t\t\t<div class=\"elementor-widget-container\">\n\t\t\t\t\t<div class=\"elementor-divider\">\n\t\t\t<span class=\"elementor-divider-separator\">\n\t\t\t\t\t\t<\/span>\n\t\t<\/div>\n\t\t\t\t<\/div>\n\t\t\t\t<\/div>\n\t\t\t\t<div class=\"elementor-element elementor-element-5a31f68 elementor-widget elementor-widget-text-editor\" data-id=\"5a31f68\" data-element_type=\"widget\" data-widget_type=\"text-editor.default\">\n\t\t\t\t<div class=\"elementor-widget-container\">\n\t\t\t<style>\/*! elementor - v3.16.0 - 09-10-2023 *\/\n.elementor-widget-text-editor.elementor-drop-cap-view-stacked .elementor-drop-cap{background-color:#69727d;color:#fff}.elementor-widget-text-editor.elementor-drop-cap-view-framed .elementor-drop-cap{color:#69727d;border:3px solid;background-color:transparent}.elementor-widget-text-editor:not(.elementor-drop-cap-view-default) .elementor-drop-cap{margin-top:8px}.elementor-widget-text-editor:not(.elementor-drop-cap-view-default) .elementor-drop-cap-letter{width:1em;height:1em}.elementor-widget-text-editor .elementor-drop-cap{float:left;text-align:center;line-height:1;font-size:50px}.elementor-widget-text-editor .elementor-drop-cap-letter{display:inline-block}<\/style>\t\t\t\t<p><span id=\"page230R_mcid131\" class=\"markedContent\"><span dir=\"ltr\" role=\"presentation\"><span id=\"page110R_mcid2\" class=\"markedContent\"><strong>IMPORTANT :<\/strong> Votre inscription constitue un engagement annuel ; le remboursement n\u2019est possible que sous certaines <br role=\"presentation\" \/>conditions avec justificatifs : mutation professionnelle, d\u00e9m\u00e9nagement ou raison m\u00e9dicale.<br \/><\/span><\/span><\/span><\/p>\t\t\t\t\t\t<\/div>\n\t\t\t\t<\/div>\n\t\t\t\t<div class=\"elementor-element elementor-element-cc92a7b elementor-widget elementor-widget-ha-pdf-view happy-addon ha-pdf-view\" data-id=\"cc92a7b\" data-element_type=\"widget\" data-widget_type=\"ha-pdf-view.default\">\n\t\t\t\t<div class=\"elementor-widget-container\">\n\t\t\t        <div class=\"pdf_viewer_container\">\n            <div class=\"pdf_viewer_options viewer-cc92a7b\" data-pdf-settings=\"{&quot;unique_id&quot;:&quot;viewer-cc92a7b&quot;,&quot;pdf_url&quot;:&quot;https:\\\/\\\/dans6t.com\\\/centre-de-danse\\\/wp-content\\\/uploads\\\/2024\\\/06\\\/FICHE-DINSCRIPTION-ET-REGLEMENT-INTERIEUR.pdf&quot;,&quot;file_type&quot;:&quot;upload_file&quot;,&quot;page_number&quot;:&quot;1&quot;,&quot;width&quot;:&quot;100%&quot;,&quot;height&quot;:&quot;100vh&quot;}\">\n\t\t\t\t<span class=\"ha-title-flex\">\n\t\t\t\t\t<span class=\"pdf-icon\">\n\t\t\t\t\t\t<i aria-hidden=\"true\" class=\"fas fa-file-pdf\"><\/i>\t\t\t\t\t<\/span>\n\t\t\t\t\t<h2 class=\"ha-pdf-title\">Fiche inscription Dans6T pau<\/h2>\t\t\t\t<\/span>\n\t\t\t\t                <div class=\"pdf-button\">\n                <a href=\"https:\/\/dans6t.com\/centre-de-danse\/wp-content\/uploads\/2024\/06\/FICHE-DINSCRIPTION-ET-REGLEMENT-INTERIEUR.pdf\" class=\"ha-btn\" download title=\"Fiche inscription Dans6T pau\">Download<\/a>                <\/div>\n            <\/div>\n            \n\t\t\t<div>\n\t\t\t\t<div id=\"viewer-cc92a7b\"><\/div>\n\t\t\t<\/div>\n\t\t\t\n        <\/div>\n        \t\t<\/div>\n\t\t\t\t<\/div>\n\t\t\t\t\t<\/div>\n\t\t<\/div>\n\t\t\t\t\t\t\t<\/div>\n\t\t<\/section>\n\t\t\t\t\t\t\t<\/div>\n\t\t","protected":false},"excerpt":{"rendered":"<p>fiche d&#8217;inscription &#8211; pau saison 2024 &#8211; 2025 Fiche d&#8217;inscription IMPORTANT : Votre inscription constitue un engagement annuel ; le remboursement n\u2019est possible que sous certaines conditions avec justificatifs : mutation professionnelle, d\u00e9m\u00e9nagement ou raison m\u00e9dicale. Fiche inscription Dans6T pau Download<\/p>\n","protected":false},"author":8,"featured_media":0,"parent":0,"menu_order":0,"comment_status":"closed","ping_status":"closed","template":"","meta":{"site-sidebar-layout":"no-sidebar","site-content-layout":"page-builder","ast-site-content-layout":"full-width-container","site-content-style":"unboxed","site-sidebar-style":"unboxed","ast-global-header-display":"","ast-banner-title-visibility":"","ast-main-header-display":"","ast-hfb-above-header-display":"","ast-hfb-below-header-display":"","ast-hfb-mobile-header-display":"","site-post-title":"disabled","ast-breadcrumbs-content":"","ast-featured-img":"disabled","footer-sml-layout":"","theme-transparent-header-meta":"enabled","adv-header-id-meta":"","stick-header-meta":"","header-above-stick-meta":"","header-main-stick-meta":"","header-below-stick-meta":"","astra-migrate-meta-layouts":"set","_ti_tpc_template_sync":false,"_ti_tpc_template_id":"","footnotes":""},"class_list":["post-4112","page","type-page","status-publish","hentry"],"yoast_head":"<!-- This site is optimized with the Yoast SEO plugin v21.3 - https:\/\/yoast.com\/wordpress\/plugins\/seo\/ -->\n<title>Inscriptions pour pau - DANS6T<\/title>\n<meta name=\"description\" content=\"Retrouvez la fiche d&#039;inscription pour nos cours de la saison 2024\/2025 !\" \/>\n<meta name=\"robots\" content=\"index, follow, max-snippet:-1, max-image-preview:large, max-video-preview:-1\" \/>\n<link rel=\"canonical\" href=\"https:\/\/dans6t.com\/centre-de-danse\/inscriptions-cours-pau\/\" \/>\n<meta property=\"og:locale\" content=\"fr_FR\" \/>\n<meta property=\"og:type\" content=\"article\" \/>\n<meta property=\"og:title\" content=\"Inscriptions pour pau - DANS6T\" \/>\n<meta property=\"og:description\" content=\"Retrouvez la fiche d&#039;inscription pour nos cours de la saison 2024\/2025 !\" \/>\n<meta property=\"og:url\" content=\"https:\/\/dans6t.com\/centre-de-danse\/inscriptions-cours-pau\/\" \/>\n<meta property=\"og:site_name\" content=\"DANS6T\" \/>\n<meta property=\"article:publisher\" content=\"https:\/\/www.facebook.com\/Dans6tOfficiel\/\" \/>\n<meta property=\"article:modified_time\" content=\"2025-03-04T17:21:54+00:00\" \/>\n<meta name=\"twitter:card\" content=\"summary_large_image\" \/>\n<meta name=\"twitter:label1\" content=\"Dur\u00e9e de lecture estim\u00e9e\" \/>\n\t<meta name=\"twitter:data1\" content=\"1 minute\" \/>\n<script type=\"application\/ld+json\" class=\"yoast-schema-graph\">{\"@context\":\"https:\/\/schema.org\",\"@graph\":[{\"@type\":\"WebPage\",\"@id\":\"https:\/\/dans6t.com\/centre-de-danse\/inscriptions-cours-pau\/\",\"url\":\"https:\/\/dans6t.com\/centre-de-danse\/inscriptions-cours-pau\/\",\"name\":\"Inscriptions pour pau - DANS6T\",\"isPartOf\":{\"@id\":\"https:\/\/dans6t.com\/centre-de-danse\/#website\"},\"datePublished\":\"2024-08-24T15:30:18+00:00\",\"dateModified\":\"2025-03-04T17:21:54+00:00\",\"description\":\"Retrouvez la fiche d'inscription pour nos cours de la saison 2024\/2025 !\",\"breadcrumb\":{\"@id\":\"https:\/\/dans6t.com\/centre-de-danse\/inscriptions-cours-pau\/#breadcrumb\"},\"inLanguage\":\"fr-FR\",\"potentialAction\":[{\"@type\":\"ReadAction\",\"target\":[\"https:\/\/dans6t.com\/centre-de-danse\/inscriptions-cours-pau\/\"]}]},{\"@type\":\"BreadcrumbList\",\"@id\":\"https:\/\/dans6t.com\/centre-de-danse\/inscriptions-cours-pau\/#breadcrumb\",\"itemListElement\":[{\"@type\":\"ListItem\",\"position\":1,\"name\":\"Accueil\",\"item\":\"https:\/\/dans6t.com\/centre-de-danse\/\"},{\"@type\":\"ListItem\",\"position\":2,\"name\":\"Inscriptions pour pau\"}]},{\"@type\":\"WebSite\",\"@id\":\"https:\/\/dans6t.com\/centre-de-danse\/#website\",\"url\":\"https:\/\/dans6t.com\/centre-de-danse\/\",\"name\":\"DANS6T\",\"description\":\"Centre de danse sur Tarbes\",\"publisher\":{\"@id\":\"https:\/\/dans6t.com\/centre-de-danse\/#organization\"},\"potentialAction\":[{\"@type\":\"SearchAction\",\"target\":{\"@type\":\"EntryPoint\",\"urlTemplate\":\"https:\/\/dans6t.com\/centre-de-danse\/?s={search_term_string}\"},\"query-input\":\"required name=search_term_string\"}],\"inLanguage\":\"fr-FR\"},{\"@type\":\"Organization\",\"@id\":\"https:\/\/dans6t.com\/centre-de-danse\/#organization\",\"name\":\"DANS6T\",\"url\":\"https:\/\/dans6t.com\/centre-de-danse\/\",\"logo\":{\"@type\":\"ImageObject\",\"inLanguage\":\"fr-FR\",\"@id\":\"https:\/\/dans6t.com\/centre-de-danse\/#\/schema\/logo\/image\/\",\"url\":\"https:\/\/dans6t.com\/centre-de-danse\/wp-content\/uploads\/2023\/09\/BLANC-ET-6-ROUGE.png\",\"contentUrl\":\"https:\/\/dans6t.com\/centre-de-danse\/wp-content\/uploads\/2023\/09\/BLANC-ET-6-ROUGE.png\",\"width\":5012,\"height\":1014,\"caption\":\"DANS6T\"},\"image\":{\"@id\":\"https:\/\/dans6t.com\/centre-de-danse\/#\/schema\/logo\/image\/\"},\"sameAs\":[\"https:\/\/www.facebook.com\/Dans6tOfficiel\/\",\"https:\/\/www.instagram.com\/dans6t\/\"]}]}<\/script>\n<!-- \/ Yoast SEO plugin. -->","yoast_head_json":{"title":"Inscriptions pour pau - DANS6T","description":"Retrouvez la fiche d'inscription pour nos cours de la saison 2024\/2025 !","robots":{"index":"index","follow":"follow","max-snippet":"max-snippet:-1","max-image-preview":"max-image-preview:large","max-video-preview":"max-video-preview:-1"},"canonical":"https:\/\/dans6t.com\/centre-de-danse\/inscriptions-cours-pau\/","og_locale":"fr_FR","og_type":"article","og_title":"Inscriptions pour pau - DANS6T","og_description":"Retrouvez la fiche d'inscription pour nos cours de la saison 2024\/2025 !","og_url":"https:\/\/dans6t.com\/centre-de-danse\/inscriptions-cours-pau\/","og_site_name":"DANS6T","article_publisher":"https:\/\/www.facebook.com\/Dans6tOfficiel\/","article_modified_time":"2025-03-04T17:21:54+00:00","twitter_card":"summary_large_image","twitter_misc":{"Dur\u00e9e de lecture estim\u00e9e":"1 minute"},"schema":{"@context":"https:\/\/schema.org","@graph":[{"@type":"WebPage","@id":"https:\/\/dans6t.com\/centre-de-danse\/inscriptions-cours-pau\/","url":"https:\/\/dans6t.com\/centre-de-danse\/inscriptions-cours-pau\/","name":"Inscriptions pour pau - DANS6T","isPartOf":{"@id":"https:\/\/dans6t.com\/centre-de-danse\/#website"},"datePublished":"2024-08-24T15:30:18+00:00","dateModified":"2025-03-04T17:21:54+00:00","description":"Retrouvez la fiche d'inscription pour nos cours de la saison 2024\/2025 !","breadcrumb":{"@id":"https:\/\/dans6t.com\/centre-de-danse\/inscriptions-cours-pau\/#breadcrumb"},"inLanguage":"fr-FR","potentialAction":[{"@type":"ReadAction","target":["https:\/\/dans6t.com\/centre-de-danse\/inscriptions-cours-pau\/"]}]},{"@type":"BreadcrumbList","@id":"https:\/\/dans6t.com\/centre-de-danse\/inscriptions-cours-pau\/#breadcrumb","itemListElement":[{"@type":"ListItem","position":1,"name":"Accueil","item":"https:\/\/dans6t.com\/centre-de-danse\/"},{"@type":"ListItem","position":2,"name":"Inscriptions pour pau"}]},{"@type":"WebSite","@id":"https:\/\/dans6t.com\/centre-de-danse\/#website","url":"https:\/\/dans6t.com\/centre-de-danse\/","name":"DANS6T","description":"Centre de danse sur Tarbes","publisher":{"@id":"https:\/\/dans6t.com\/centre-de-danse\/#organization"},"potentialAction":[{"@type":"SearchAction","target":{"@type":"EntryPoint","urlTemplate":"https:\/\/dans6t.com\/centre-de-danse\/?s={search_term_string}"},"query-input":"required name=search_term_string"}],"inLanguage":"fr-FR"},{"@type":"Organization","@id":"https:\/\/dans6t.com\/centre-de-danse\/#organization","name":"DANS6T","url":"https:\/\/dans6t.com\/centre-de-danse\/","logo":{"@type":"ImageObject","inLanguage":"fr-FR","@id":"https:\/\/dans6t.com\/centre-de-danse\/#\/schema\/logo\/image\/","url":"https:\/\/dans6t.com\/centre-de-danse\/wp-content\/uploads\/2023\/09\/BLANC-ET-6-ROUGE.png","contentUrl":"https:\/\/dans6t.com\/centre-de-danse\/wp-content\/uploads\/2023\/09\/BLANC-ET-6-ROUGE.png","width":5012,"height":1014,"caption":"DANS6T"},"image":{"@id":"https:\/\/dans6t.com\/centre-de-danse\/#\/schema\/logo\/image\/"},"sameAs":["https:\/\/www.facebook.com\/Dans6tOfficiel\/","https:\/\/www.instagram.com\/dans6t\/"]}]}},"_links":{"self":[{"href":"https:\/\/dans6t.com\/centre-de-danse\/wp-json\/wp\/v2\/pages\/4112","targetHints":{"allow":["GET"]}}],"collection":[{"href":"https:\/\/dans6t.com\/centre-de-danse\/wp-json\/wp\/v2\/pages"}],"about":[{"href":"https:\/\/dans6t.com\/centre-de-danse\/wp-json\/wp\/v2\/types\/page"}],"author":[{"embeddable":true,"href":"https:\/\/dans6t.com\/centre-de-danse\/wp-json\/wp\/v2\/users\/8"}],"replies":[{"embeddable":true,"href":"https:\/\/dans6t.com\/centre-de-danse\/wp-json\/wp\/v2\/comments?post=4112"}],"version-history":[{"count":4,"href":"https:\/\/dans6t.com\/centre-de-danse\/wp-json\/wp\/v2\/pages\/4112\/revisions"}],"predecessor-version":[{"id":4117,"href":"https:\/\/dans6t.com\/centre-de-danse\/wp-json\/wp\/v2\/pages\/4112\/revisions\/4117"}],"wp:attachment":[{"href":"https:\/\/dans6t.com\/centre-de-danse\/wp-json\/wp\/v2\/media?parent=4112"}],"curies":[{"name":"wp","href":"https:\/\/api.w.org\/{rel}","templated":true}]}}