{"id":3139,"date":"2023-08-31T17:27:22","date_gmt":"2023-08-31T15:27:22","guid":{"rendered":"https:\/\/dans6t.com\/centre-de-danse\/?page_id=3139"},"modified":"2025-09-17T12:51:58","modified_gmt":"2025-09-17T10:51:58","slug":"nos-partenaires","status":"publish","type":"page","link":"https:\/\/dans6t.com\/centre-de-danse\/nos-partenaires\/","title":{"rendered":"Nos partenaires"},"content":{"rendered":"\t\t<div data-elementor-type=\"wp-post\" data-elementor-id=\"3139\" class=\"elementor elementor-3139\">\n\t\t\t\t\t\t\t\t\t<section class=\"elementor-section elementor-top-section elementor-element elementor-element-d7d8b56 elementor-section-boxed elementor-section-height-default elementor-section-height-default\" data-id=\"d7d8b56\" data-element_type=\"section\" data-settings=\"{&quot;background_background&quot;:&quot;classic&quot;,&quot;_ha_eqh_enable&quot;:false}\">\n\t\t\t\t\t\t\t<div class=\"elementor-background-overlay\"><\/div>\n\t\t\t\t\t\t\t<div class=\"elementor-container elementor-column-gap-default\">\n\t\t\t\t\t<div class=\"elementor-column elementor-col-100 elementor-top-column elementor-element elementor-element-fd69444\" data-id=\"fd69444\" data-element_type=\"column\">\n\t\t\t<div class=\"elementor-widget-wrap elementor-element-populated\">\n\t\t\t\t\t\t\t\t<div class=\"elementor-element elementor-element-a9e1aaa elementor-widget elementor-widget-heading\" data-id=\"a9e1aaa\" data-element_type=\"widget\" data-widget_type=\"heading.default\">\n\t\t\t\t<div class=\"elementor-widget-container\">\n\t\t\t<style>\/*! elementor - v3.16.0 - 09-10-2023 *\/\n.elementor-heading-title{padding:0;margin:0;line-height:1}.elementor-widget-heading .elementor-heading-title[class*=elementor-size-]>a{color:inherit;font-size:inherit;line-height:inherit}.elementor-widget-heading .elementor-heading-title.elementor-size-small{font-size:15px}.elementor-widget-heading .elementor-heading-title.elementor-size-medium{font-size:19px}.elementor-widget-heading .elementor-heading-title.elementor-size-large{font-size:29px}.elementor-widget-heading .elementor-heading-title.elementor-size-xl{font-size:39px}.elementor-widget-heading .elementor-heading-title.elementor-size-xxl{font-size:59px}<\/style><h1 class=\"elementor-heading-title elementor-size-xxl\"><u>nos partenaires<\/u><\/h1>\t\t<\/div>\n\t\t\t\t<\/div>\n\t\t\t\t<div class=\"elementor-element elementor-element-a2dba3d elementor-widget-divider--view-line elementor-widget elementor-widget-divider\" data-id=\"a2dba3d\" data-element_type=\"widget\" data-widget_type=\"divider.default\">\n\t\t\t\t<div class=\"elementor-widget-container\">\n\t\t\t<style>\/*! elementor - v3.16.0 - 09-10-2023 *\/\n.elementor-widget-divider{--divider-border-style:none;--divider-border-width:1px;--divider-color:#0c0d0e;--divider-icon-size:20px;--divider-element-spacing:10px;--divider-pattern-height:24px;--divider-pattern-size:20px;--divider-pattern-url:none;--divider-pattern-repeat:repeat-x}.elementor-widget-divider .elementor-divider{display:flex}.elementor-widget-divider .elementor-divider__text{font-size:15px;line-height:1;max-width:95%}.elementor-widget-divider .elementor-divider__element{margin:0 var(--divider-element-spacing);flex-shrink:0}.elementor-widget-divider .elementor-icon{font-size:var(--divider-icon-size)}.elementor-widget-divider .elementor-divider-separator{display:flex;margin:0;direction:ltr}.elementor-widget-divider--view-line_icon .elementor-divider-separator,.elementor-widget-divider--view-line_text .elementor-divider-separator{align-items:center}.elementor-widget-divider--view-line_icon .elementor-divider-separator:after,.elementor-widget-divider--view-line_icon .elementor-divider-separator:before,.elementor-widget-divider--view-line_text .elementor-divider-separator:after,.elementor-widget-divider--view-line_text .elementor-divider-separator:before{display:block;content:\"\";border-bottom:0;flex-grow:1;border-top:var(--divider-border-width) var(--divider-border-style) var(--divider-color)}.elementor-widget-divider--element-align-left .elementor-divider .elementor-divider-separator>.elementor-divider__svg:first-of-type{flex-grow:0;flex-shrink:100}.elementor-widget-divider--element-align-left .elementor-divider-separator:before{content:none}.elementor-widget-divider--element-align-left .elementor-divider__element{margin-left:0}.elementor-widget-divider--element-align-right .elementor-divider .elementor-divider-separator>.elementor-divider__svg:last-of-type{flex-grow:0;flex-shrink:100}.elementor-widget-divider--element-align-right .elementor-divider-separator:after{content:none}.elementor-widget-divider--element-align-right .elementor-divider__element{margin-right:0}.elementor-widget-divider:not(.elementor-widget-divider--view-line_text):not(.elementor-widget-divider--view-line_icon) .elementor-divider-separator{border-top:var(--divider-border-width) var(--divider-border-style) var(--divider-color)}.elementor-widget-divider--separator-type-pattern{--divider-border-style:none}.elementor-widget-divider--separator-type-pattern.elementor-widget-divider--view-line .elementor-divider-separator,.elementor-widget-divider--separator-type-pattern:not(.elementor-widget-divider--view-line) .elementor-divider-separator:after,.elementor-widget-divider--separator-type-pattern:not(.elementor-widget-divider--view-line) .elementor-divider-separator:before,.elementor-widget-divider--separator-type-pattern:not([class*=elementor-widget-divider--view]) .elementor-divider-separator{width:100%;min-height:var(--divider-pattern-height);-webkit-mask-size:var(--divider-pattern-size) 100%;mask-size:var(--divider-pattern-size) 100%;-webkit-mask-repeat:var(--divider-pattern-repeat);mask-repeat:var(--divider-pattern-repeat);background-color:var(--divider-color);-webkit-mask-image:var(--divider-pattern-url);mask-image:var(--divider-pattern-url)}.elementor-widget-divider--no-spacing{--divider-pattern-size:auto}.elementor-widget-divider--bg-round{--divider-pattern-repeat:round}.rtl .elementor-widget-divider .elementor-divider__text{direction:rtl}.e-con-inner>.elementor-widget-divider,.e-con>.elementor-widget-divider{width:var(--container-widget-width,100%);--flex-grow:var(--container-widget-flex-grow)}<\/style>\t\t<div class=\"elementor-divider\">\n\t\t\t<span class=\"elementor-divider-separator\">\n\t\t\t\t\t\t<\/span>\n\t\t<\/div>\n\t\t\t\t<\/div>\n\t\t\t\t<\/div>\n\t\t\t\t<div class=\"elementor-element elementor-element-d1e0398 elementor-widget elementor-widget-heading\" data-id=\"d1e0398\" data-element_type=\"widget\" data-widget_type=\"heading.default\">\n\t\t\t\t<div class=\"elementor-widget-container\">\n\t\t\t<h1 class=\"elementor-heading-title elementor-size-xl\"><i>saison 2025- 2026<\/i><\/h1>\t\t<\/div>\n\t\t\t\t<\/div>\n\t\t\t\t\t<\/div>\n\t\t<\/div>\n\t\t\t\t\t\t\t<\/div>\n\t\t<\/section>\n\t\t\t\t<section class=\"elementor-section elementor-top-section elementor-element elementor-element-a1e3737 elementor-section-boxed elementor-section-height-default elementor-section-height-default\" data-id=\"a1e3737\" data-element_type=\"section\" data-settings=\"{&quot;_ha_eqh_enable&quot;:false}\">\n\t\t\t\t\t\t<div class=\"elementor-container elementor-column-gap-default\">\n\t\t\t\t\t<div class=\"elementor-column elementor-col-100 elementor-top-column elementor-element elementor-element-668d7e8\" data-id=\"668d7e8\" data-element_type=\"column\">\n\t\t\t<div class=\"elementor-widget-wrap elementor-element-populated\">\n\t\t\t\t\t\t\t\t<div class=\"elementor-element elementor-element-ed7d19e elementor-widget elementor-widget-image\" data-id=\"ed7d19e\" data-element_type=\"widget\" data-widget_type=\"image.default\">\n\t\t\t\t<div class=\"elementor-widget-container\">\n\t\t\t<style>\/*! elementor - v3.16.0 - 09-10-2023 *\/\n.elementor-widget-image{text-align:center}.elementor-widget-image a{display:inline-block}.elementor-widget-image a img[src$=\".svg\"]{width:48px}.elementor-widget-image img{vertical-align:middle;display:inline-block}<\/style>\t\t\t\t\t\t\t\t\t\t\t\t<img loading=\"lazy\" decoding=\"async\" width=\"1024\" height=\"724\" src=\"https:\/\/dans6t.com\/centre-de-danse\/wp-content\/uploads\/2025\/09\/Affiche-Avantages-Adherents-DANS6T-Saison-20242025-1024x724.jpg\" class=\"attachment-large size-large wp-image-5569\" alt=\"\" srcset=\"https:\/\/dans6t.com\/centre-de-danse\/wp-content\/uploads\/2025\/09\/Affiche-Avantages-Adherents-DANS6T-Saison-20242025-1024x724.jpg 1024w, https:\/\/dans6t.com\/centre-de-danse\/wp-content\/uploads\/2025\/09\/Affiche-Avantages-Adherents-DANS6T-Saison-20242025-300x212.jpg 300w, https:\/\/dans6t.com\/centre-de-danse\/wp-content\/uploads\/2025\/09\/Affiche-Avantages-Adherents-DANS6T-Saison-20242025-768x543.jpg 768w, https:\/\/dans6t.com\/centre-de-danse\/wp-content\/uploads\/2025\/09\/Affiche-Avantages-Adherents-DANS6T-Saison-20242025-1536x1086.jpg 1536w, https:\/\/dans6t.com\/centre-de-danse\/wp-content\/uploads\/2025\/09\/Affiche-Avantages-Adherents-DANS6T-Saison-20242025-2048x1448.jpg 2048w\" sizes=\"auto, (max-width: 1024px) 100vw, 1024px\" \/>\t\t\t\t\t\t\t\t\t\t\t\t\t\t\t<\/div>\n\t\t\t\t<\/div>\n\t\t\t\t\t<\/div>\n\t\t<\/div>\n\t\t\t\t\t\t\t<\/div>\n\t\t<\/section>\n\t\t\t\t<section class=\"elementor-section elementor-top-section elementor-element elementor-element-170eece elementor-section-boxed elementor-section-height-default elementor-section-height-default\" data-id=\"170eece\" data-element_type=\"section\" data-settings=\"{&quot;background_background&quot;:&quot;classic&quot;,&quot;_ha_eqh_enable&quot;:false}\">\n\t\t\t\t\t\t\t<div class=\"elementor-background-overlay\"><\/div>\n\t\t\t\t\t\t\t<div class=\"elementor-container elementor-column-gap-default\">\n\t\t\t\t\t<div class=\"elementor-column elementor-col-100 elementor-top-column elementor-element elementor-element-3db9cca\" data-id=\"3db9cca\" data-element_type=\"column\">\n\t\t\t<div class=\"elementor-widget-wrap elementor-element-populated\">\n\t\t\t\t\t\t\t\t<div class=\"elementor-element elementor-element-d58753a elementor-widget elementor-widget-spacer\" data-id=\"d58753a\" data-element_type=\"widget\" data-widget_type=\"spacer.default\">\n\t\t\t\t<div class=\"elementor-widget-container\">\n\t\t\t<style>\/*! elementor - v3.16.0 - 09-10-2023 *\/\n.elementor-column .elementor-spacer-inner{height:var(--spacer-size)}.e-con{--container-widget-width:100%}.e-con-inner>.elementor-widget-spacer,.e-con>.elementor-widget-spacer{width:var(--container-widget-width,var(--spacer-size));--align-self:var(--container-widget-align-self,initial);--flex-shrink:0}.e-con-inner>.elementor-widget-spacer>.elementor-widget-container,.e-con>.elementor-widget-spacer>.elementor-widget-container{height:100%;width:100%}.e-con-inner>.elementor-widget-spacer>.elementor-widget-container>.elementor-spacer,.e-con>.elementor-widget-spacer>.elementor-widget-container>.elementor-spacer{height:100%}.e-con-inner>.elementor-widget-spacer>.elementor-widget-container>.elementor-spacer>.elementor-spacer-inner,.e-con>.elementor-widget-spacer>.elementor-widget-container>.elementor-spacer>.elementor-spacer-inner{height:var(--container-widget-height,var(--spacer-size))}.e-con-inner>.elementor-widget-spacer.elementor-widget-empty,.e-con>.elementor-widget-spacer.elementor-widget-empty{position:relative;min-height:22px;min-width:22px}.e-con-inner>.elementor-widget-spacer.elementor-widget-empty .elementor-widget-empty-icon,.e-con>.elementor-widget-spacer.elementor-widget-empty .elementor-widget-empty-icon{position:absolute;top:0;bottom:0;left:0;right:0;margin:auto;padding:0;width:22px;height:22px}<\/style>\t\t<div class=\"elementor-spacer\">\n\t\t\t<div class=\"elementor-spacer-inner\"><\/div>\n\t\t<\/div>\n\t\t\t\t<\/div>\n\t\t\t\t<\/div>\n\t\t\t\t<div class=\"elementor-element elementor-element-08f7505 elementor-widget__width-initial elementor-widget elementor-widget-text-editor\" data-id=\"08f7505\" data-element_type=\"widget\" data-widget_type=\"text-editor.default\">\n\t\t\t\t<div class=\"elementor-widget-container\">\n\t\t\t<style>\/*! elementor - v3.16.0 - 09-10-2023 *\/\n.elementor-widget-text-editor.elementor-drop-cap-view-stacked .elementor-drop-cap{background-color:#69727d;color:#fff}.elementor-widget-text-editor.elementor-drop-cap-view-framed .elementor-drop-cap{color:#69727d;border:3px solid;background-color:transparent}.elementor-widget-text-editor:not(.elementor-drop-cap-view-default) .elementor-drop-cap{margin-top:8px}.elementor-widget-text-editor:not(.elementor-drop-cap-view-default) .elementor-drop-cap-letter{width:1em;height:1em}.elementor-widget-text-editor .elementor-drop-cap{float:left;text-align:center;line-height:1;font-size:50px}.elementor-widget-text-editor .elementor-drop-cap-letter{display:inline-block}<\/style>\t\t\t\t<p class=\"cvGsUA direction-ltr align-center para-style-body\"><span class=\"OYPEnA font-feature-liga-off font-feature-clig-off font-feature-calt-off text-decoration-none text-strikethrough-none\">En devenant adh\u00e9rent \u00e0 l&#8217;association, vous b\u00e9n\u00e9ficiez d&#8217;une r\u00e9duction chez nos partenaires !<\/span><\/p>\n<p class=\"cvGsUA direction-ltr align-center para-style-body\"><span class=\"OYPEnA font-feature-liga-off font-feature-clig-off font-feature-calt-off text-decoration-none text-strikethrough-none\">Vous n&#8217;avez pas besoin de vous inscrire \u00e0 un cours de danse pour obtenir votre carte.<\/span><\/p>\n<p class=\"cvGsUA direction-ltr align-center para-style-body\"><span class=\"OYPEnA font-feature-liga-off font-feature-clig-off font-feature-calt-off text-decoration-none text-strikethrough-none\"><b><i>Adh\u00e9sion \u00e0 15 \u20ac pour l&#8217;ann\u00e9e, de septembre 2025 \u00e0 fin ao\u00fbt 2026.<\/i><\/b><\/span><\/p>\t\t\t\t\t\t<\/div>\n\t\t\t\t<\/div>\n\t\t\t\t<div class=\"elementor-element elementor-element-e1883b3 elementor-widget elementor-widget-spacer\" data-id=\"e1883b3\" data-element_type=\"widget\" data-widget_type=\"spacer.default\">\n\t\t\t\t<div class=\"elementor-widget-container\">\n\t\t\t\t\t<div class=\"elementor-spacer\">\n\t\t\t<div class=\"elementor-spacer-inner\"><\/div>\n\t\t<\/div>\n\t\t\t\t<\/div>\n\t\t\t\t<\/div>\n\t\t\t\t\t<\/div>\n\t\t<\/div>\n\t\t\t\t\t\t\t<\/div>\n\t\t<\/section>\n\t\t\t\t\t\t\t<\/div>\n\t\t","protected":false},"excerpt":{"rendered":"<p>nos partenaires saison 2025- 2026 En devenant adh\u00e9rent \u00e0 l&#8217;association, vous b\u00e9n\u00e9ficiez d&#8217;une r\u00e9duction chez nos partenaires ! Vous n&#8217;avez pas besoin de vous inscrire \u00e0 un cours de danse pour obtenir votre carte. Adh\u00e9sion \u00e0 15 \u20ac pour l&#8217;ann\u00e9e, de septembre 2025 \u00e0 fin ao\u00fbt 2026.<\/p>\n","protected":false},"author":8,"featured_media":0,"parent":0,"menu_order":0,"comment_status":"closed","ping_status":"closed","template":"","meta":{"site-sidebar-layout":"no-sidebar","site-content-layout":"page-builder","ast-site-content-layout":"full-width-container","site-content-style":"unboxed","site-sidebar-style":"unboxed","ast-global-header-display":"","ast-banner-title-visibility":"","ast-main-header-display":"","ast-hfb-above-header-display":"","ast-hfb-below-header-display":"","ast-hfb-mobile-header-display":"","site-post-title":"disabled","ast-breadcrumbs-content":"","ast-featured-img":"disabled","footer-sml-layout":"","theme-transparent-header-meta":"enabled","adv-header-id-meta":"","stick-header-meta":"","header-above-stick-meta":"","header-main-stick-meta":"","header-below-stick-meta":"","astra-migrate-meta-layouts":"set","_ti_tpc_template_sync":false,"_ti_tpc_template_id":"","footnotes":""},"class_list":["post-3139","page","type-page","status-publish","hentry"],"yoast_head":"<!-- This site is optimized with the Yoast SEO plugin v21.3 - https:\/\/yoast.com\/wordpress\/plugins\/seo\/ -->\n<title>Nos partenaires - DANS6T<\/title>\n<meta name=\"description\" content=\"Les bonus en tant qu&#039;adh\u00e9rent(e) - Des avantages exclusifs avec nos partenaires, rien que pour vous !\" \/>\n<meta name=\"robots\" content=\"index, follow, max-snippet:-1, max-image-preview:large, max-video-preview:-1\" \/>\n<link rel=\"canonical\" href=\"https:\/\/dans6t.com\/centre-de-danse\/nos-partenaires\/\" \/>\n<meta property=\"og:locale\" content=\"fr_FR\" \/>\n<meta property=\"og:type\" content=\"article\" \/>\n<meta property=\"og:title\" content=\"Nos partenaires - DANS6T\" \/>\n<meta property=\"og:description\" content=\"Les bonus en tant qu&#039;adh\u00e9rent(e) - Des avantages exclusifs avec nos partenaires, rien que pour vous !\" \/>\n<meta property=\"og:url\" content=\"https:\/\/dans6t.com\/centre-de-danse\/nos-partenaires\/\" \/>\n<meta property=\"og:site_name\" content=\"DANS6T\" \/>\n<meta property=\"article:publisher\" content=\"https:\/\/www.facebook.com\/Dans6tOfficiel\/\" \/>\n<meta property=\"article:modified_time\" content=\"2025-09-17T10:51:58+00:00\" \/>\n<meta property=\"og:image\" content=\"https:\/\/dans6t.com\/centre-de-danse\/wp-content\/uploads\/2025\/09\/Affiche-Avantages-Adherents-DANS6T-Saison-20242025-1024x724.jpg\" \/>\n<meta name=\"twitter:card\" content=\"summary_large_image\" \/>\n<meta name=\"twitter:label1\" content=\"Dur\u00e9e de lecture estim\u00e9e\" \/>\n\t<meta name=\"twitter:data1\" content=\"1 minute\" \/>\n<script type=\"application\/ld+json\" class=\"yoast-schema-graph\">{\"@context\":\"https:\/\/schema.org\",\"@graph\":[{\"@type\":\"WebPage\",\"@id\":\"https:\/\/dans6t.com\/centre-de-danse\/nos-partenaires\/\",\"url\":\"https:\/\/dans6t.com\/centre-de-danse\/nos-partenaires\/\",\"name\":\"Nos partenaires - DANS6T\",\"isPartOf\":{\"@id\":\"https:\/\/dans6t.com\/centre-de-danse\/#website\"},\"datePublished\":\"2023-08-31T15:27:22+00:00\",\"dateModified\":\"2025-09-17T10:51:58+00:00\",\"description\":\"Les bonus en tant qu'adh\u00e9rent(e) - Des avantages exclusifs avec nos partenaires, rien que pour vous !\",\"breadcrumb\":{\"@id\":\"https:\/\/dans6t.com\/centre-de-danse\/nos-partenaires\/#breadcrumb\"},\"inLanguage\":\"fr-FR\",\"potentialAction\":[{\"@type\":\"ReadAction\",\"target\":[\"https:\/\/dans6t.com\/centre-de-danse\/nos-partenaires\/\"]}]},{\"@type\":\"BreadcrumbList\",\"@id\":\"https:\/\/dans6t.com\/centre-de-danse\/nos-partenaires\/#breadcrumb\",\"itemListElement\":[{\"@type\":\"ListItem\",\"position\":1,\"name\":\"Accueil\",\"item\":\"https:\/\/dans6t.com\/centre-de-danse\/\"},{\"@type\":\"ListItem\",\"position\":2,\"name\":\"Nos partenaires\"}]},{\"@type\":\"WebSite\",\"@id\":\"https:\/\/dans6t.com\/centre-de-danse\/#website\",\"url\":\"https:\/\/dans6t.com\/centre-de-danse\/\",\"name\":\"DANS6T\",\"description\":\"Centre de danse sur Tarbes\",\"publisher\":{\"@id\":\"https:\/\/dans6t.com\/centre-de-danse\/#organization\"},\"potentialAction\":[{\"@type\":\"SearchAction\",\"target\":{\"@type\":\"EntryPoint\",\"urlTemplate\":\"https:\/\/dans6t.com\/centre-de-danse\/?s={search_term_string}\"},\"query-input\":\"required name=search_term_string\"}],\"inLanguage\":\"fr-FR\"},{\"@type\":\"Organization\",\"@id\":\"https:\/\/dans6t.com\/centre-de-danse\/#organization\",\"name\":\"DANS6T\",\"url\":\"https:\/\/dans6t.com\/centre-de-danse\/\",\"logo\":{\"@type\":\"ImageObject\",\"inLanguage\":\"fr-FR\",\"@id\":\"https:\/\/dans6t.com\/centre-de-danse\/#\/schema\/logo\/image\/\",\"url\":\"https:\/\/dans6t.com\/centre-de-danse\/wp-content\/uploads\/2023\/09\/BLANC-ET-6-ROUGE.png\",\"contentUrl\":\"https:\/\/dans6t.com\/centre-de-danse\/wp-content\/uploads\/2023\/09\/BLANC-ET-6-ROUGE.png\",\"width\":5012,\"height\":1014,\"caption\":\"DANS6T\"},\"image\":{\"@id\":\"https:\/\/dans6t.com\/centre-de-danse\/#\/schema\/logo\/image\/\"},\"sameAs\":[\"https:\/\/www.facebook.com\/Dans6tOfficiel\/\",\"https:\/\/www.instagram.com\/dans6t\/\"]}]}<\/script>\n<!-- \/ Yoast SEO plugin. -->","yoast_head_json":{"title":"Nos partenaires - DANS6T","description":"Les bonus en tant qu'adh\u00e9rent(e) - Des avantages exclusifs avec nos partenaires, rien que pour vous !","robots":{"index":"index","follow":"follow","max-snippet":"max-snippet:-1","max-image-preview":"max-image-preview:large","max-video-preview":"max-video-preview:-1"},"canonical":"https:\/\/dans6t.com\/centre-de-danse\/nos-partenaires\/","og_locale":"fr_FR","og_type":"article","og_title":"Nos partenaires - DANS6T","og_description":"Les bonus en tant qu'adh\u00e9rent(e) - Des avantages exclusifs avec nos partenaires, rien que pour vous !","og_url":"https:\/\/dans6t.com\/centre-de-danse\/nos-partenaires\/","og_site_name":"DANS6T","article_publisher":"https:\/\/www.facebook.com\/Dans6tOfficiel\/","article_modified_time":"2025-09-17T10:51:58+00:00","og_image":[{"url":"https:\/\/dans6t.com\/centre-de-danse\/wp-content\/uploads\/2025\/09\/Affiche-Avantages-Adherents-DANS6T-Saison-20242025-1024x724.jpg"}],"twitter_card":"summary_large_image","twitter_misc":{"Dur\u00e9e de lecture estim\u00e9e":"1 minute"},"schema":{"@context":"https:\/\/schema.org","@graph":[{"@type":"WebPage","@id":"https:\/\/dans6t.com\/centre-de-danse\/nos-partenaires\/","url":"https:\/\/dans6t.com\/centre-de-danse\/nos-partenaires\/","name":"Nos partenaires - DANS6T","isPartOf":{"@id":"https:\/\/dans6t.com\/centre-de-danse\/#website"},"datePublished":"2023-08-31T15:27:22+00:00","dateModified":"2025-09-17T10:51:58+00:00","description":"Les bonus en tant qu'adh\u00e9rent(e) - Des avantages exclusifs avec nos partenaires, rien que pour vous !","breadcrumb":{"@id":"https:\/\/dans6t.com\/centre-de-danse\/nos-partenaires\/#breadcrumb"},"inLanguage":"fr-FR","potentialAction":[{"@type":"ReadAction","target":["https:\/\/dans6t.com\/centre-de-danse\/nos-partenaires\/"]}]},{"@type":"BreadcrumbList","@id":"https:\/\/dans6t.com\/centre-de-danse\/nos-partenaires\/#breadcrumb","itemListElement":[{"@type":"ListItem","position":1,"name":"Accueil","item":"https:\/\/dans6t.com\/centre-de-danse\/"},{"@type":"ListItem","position":2,"name":"Nos partenaires"}]},{"@type":"WebSite","@id":"https:\/\/dans6t.com\/centre-de-danse\/#website","url":"https:\/\/dans6t.com\/centre-de-danse\/","name":"DANS6T","description":"Centre de danse sur Tarbes","publisher":{"@id":"https:\/\/dans6t.com\/centre-de-danse\/#organization"},"potentialAction":[{"@type":"SearchAction","target":{"@type":"EntryPoint","urlTemplate":"https:\/\/dans6t.com\/centre-de-danse\/?s={search_term_string}"},"query-input":"required name=search_term_string"}],"inLanguage":"fr-FR"},{"@type":"Organization","@id":"https:\/\/dans6t.com\/centre-de-danse\/#organization","name":"DANS6T","url":"https:\/\/dans6t.com\/centre-de-danse\/","logo":{"@type":"ImageObject","inLanguage":"fr-FR","@id":"https:\/\/dans6t.com\/centre-de-danse\/#\/schema\/logo\/image\/","url":"https:\/\/dans6t.com\/centre-de-danse\/wp-content\/uploads\/2023\/09\/BLANC-ET-6-ROUGE.png","contentUrl":"https:\/\/dans6t.com\/centre-de-danse\/wp-content\/uploads\/2023\/09\/BLANC-ET-6-ROUGE.png","width":5012,"height":1014,"caption":"DANS6T"},"image":{"@id":"https:\/\/dans6t.com\/centre-de-danse\/#\/schema\/logo\/image\/"},"sameAs":["https:\/\/www.facebook.com\/Dans6tOfficiel\/","https:\/\/www.instagram.com\/dans6t\/"]}]}},"_links":{"self":[{"href":"https:\/\/dans6t.com\/centre-de-danse\/wp-json\/wp\/v2\/pages\/3139","targetHints":{"allow":["GET"]}}],"collection":[{"href":"https:\/\/dans6t.com\/centre-de-danse\/wp-json\/wp\/v2\/pages"}],"about":[{"href":"https:\/\/dans6t.com\/centre-de-danse\/wp-json\/wp\/v2\/types\/page"}],"author":[{"embeddable":true,"href":"https:\/\/dans6t.com\/centre-de-danse\/wp-json\/wp\/v2\/users\/8"}],"replies":[{"embeddable":true,"href":"https:\/\/dans6t.com\/centre-de-danse\/wp-json\/wp\/v2\/comments?post=3139"}],"version-history":[{"count":55,"href":"https:\/\/dans6t.com\/centre-de-danse\/wp-json\/wp\/v2\/pages\/3139\/revisions"}],"predecessor-version":[{"id":5575,"href":"https:\/\/dans6t.com\/centre-de-danse\/wp-json\/wp\/v2\/pages\/3139\/revisions\/5575"}],"wp:attachment":[{"href":"https:\/\/dans6t.com\/centre-de-danse\/wp-json\/wp\/v2\/media?parent=3139"}],"curies":[{"name":"wp","href":"https:\/\/api.w.org\/{rel}","templated":true}]}}